{"id":10560,"date":"2024-04-09T12:08:44","date_gmt":"2024-04-09T12:08:44","guid":{"rendered":"https:\/\/evasionbleue.com\/?post_type=product&#038;p=10560"},"modified":"2024-04-16T02:46:06","modified_gmt":"2024-04-16T02:46:06","slug":"visite-historique-de-marrakech","status":"publish","type":"product","link":"https:\/\/evasionbleue.com\/index.php\/product\/visite-historique-de-marrakech\/","title":{"rendered":"VISITE HISTORIQUE DE MARRAKECH"},"content":{"rendered":"","protected":false},"excerpt":{"rendered":"<p><b>Une journ\u00e9e au coeur de la ville rouge<\/b><\/p>\n<p>Renomm\u00e9e depuis toujours pour l\u2019activit\u00e9 de ses commer\u00e7ants et l\u2019habilet\u00e9 de ses artisans, MARRAKECH brille aussi par la qualit\u00e9 de son climat et un environnement aussi exceptionnel que vari\u00e9, avec sa palmeraie, ses roseraies, la proximit\u00e9 de l\u2019Atlas enneig\u00e9 et des vall\u00e9es fleuries qui en descendent.<\/p>\n<p>Elle est encore aujourd\u2019hui la capitale du Sud Marocain, toujours au carrefour des cultures, gardienne des traditions et du folklore, et riche d\u2019un patrimoine architectural qui en fait l\u2019un des hauts lieux du tourisme international.<\/p>\n<p><b>Monuments et Palaces:<\/b>\u00a0Vous d\u00e9couvrirez la majestueuse silhouette de la Koutoubia , puis les Tombeaux Saadiens , le Palais la Bahia et les Remparts.<\/p>\n<p><b>La place Jemaa el Fna:<\/b>\u00a0C\u0153ur vivant de la ville, connue dans le monde entier pour son animation perp\u00e9tuelle. Souks: V\u00e9ritables poumons \u00e9conomiques de la ville rouge o\u00f9 les artisans utilisent encore dans de nombreux domaines les anciennes techniques.<\/p>\n<p><b>Les Jardins Historiques:<\/b>\u00a0Le jardin Majorelle et les Jardins de la Menara\u2026<\/p>\n<p><b>Mus\u00e9e Mohammed VI pour la civilisation de l\u2019eau:<\/b>\u00a0le premier mus\u00e9 historique, scientifique et culturel d\u00e9di\u00e9 au patrimoine hydraulique marocain.<\/p>\n<div class=\"col-lg-9\">\n<h4>Ce qui est inclus :<\/h4>\n<ul class=\"list_ok\">\n<li>Prise en charge et retour \u00e0 l&rsquo;h\u00f4tel.<\/li>\n<li>V\u00e9hicule priv\u00e9 climatis\u00e9<\/li>\n<li>Repas inclus<\/li>\n<li>Guide conf\u00e9rencier<\/li>\n<\/ul>\n<h4>Ce qui n&rsquo;est pas inclus :<\/h4>\n<ul class=\"list_ok\">\n<li>D\u00e9penses personnelles<\/li>\n<li>Pourboires<\/li>\n<\/ul>\n<\/div>\n","protected":false},"featured_media":10564,"comment_status":"open","ping_status":"closed","template":"","meta":[],"product_brand":[],"product_cat":[110,107],"product_tag":[],"class_list":{"0":"post-10560","1":"product","2":"type-product","3":"status-publish","4":"has-post-thumbnail","6":"product_cat-excursions","7":"product_cat-excursions-marrakech","9":"first","10":"instock","11":"shipping-taxable","12":"purchasable","13":"product-type-simple"},"yoast_head":"<!-- This site is optimized with the Yoast SEO plugin v25.3.1 - https:\/\/yoast.com\/wordpress\/plugins\/seo\/ -->\n<title>VISITE HISTORIQUE DE MARRAKECH - evasionbleue.com<\/title>\n<meta name=\"robots\" content=\"index, follow, max-snippet:-1, max-image-preview:large, max-video-preview:-1\" \/>\n<link rel=\"canonical\" href=\"https:\/\/evasionbleue.com\/index.php\/product\/visite-historique-de-marrakech\/\" \/>\n<meta property=\"og:locale\" content=\"fr_FR\" \/>\n<meta property=\"og:type\" content=\"article\" \/>\n<meta property=\"og:title\" content=\"VISITE HISTORIQUE DE MARRAKECH - evasionbleue.com\" \/>\n<meta property=\"og:description\" content=\"Une journ\u00e9e au coeur de la ville rouge  Renomm\u00e9e depuis toujours pour l\u2019activit\u00e9 de ses commer\u00e7ants et l\u2019habilet\u00e9 de ses artisans, MARRAKECH brille aussi par la qualit\u00e9 de son climat et un environnement aussi exceptionnel que vari\u00e9, avec sa palmeraie, ses roseraies, la proximit\u00e9 de l\u2019Atlas enneig\u00e9 et des vall\u00e9es fleuries qui en descendent.  Elle est encore aujourd\u2019hui la capitale du Sud Marocain, toujours au carrefour des cultures, gardienne des traditions et du folklore, et riche d\u2019un patrimoine architectural qui en fait l\u2019un des hauts lieux du tourisme international.  Monuments et Palaces:\u00a0Vous d\u00e9couvrirez la majestueuse silhouette de la Koutoubia , puis les Tombeaux Saadiens , le Palais la Bahia et les Remparts.  La place Jemaa el Fna:\u00a0C\u0153ur vivant de la ville, connue dans le monde entier pour son animation perp\u00e9tuelle. Souks: V\u00e9ritables poumons \u00e9conomiques de la ville rouge o\u00f9 les artisans utilisent encore dans de nombreux domaines les anciennes techniques.  Les Jardins Historiques:\u00a0Le jardin Majorelle et les Jardins de la Menara\u2026  Mus\u00e9e Mohammed VI pour la civilisation de l\u2019eau:\u00a0le premier mus\u00e9 historique, scientifique et culturel d\u00e9di\u00e9 au patrimoine hydraulique marocain.  Ce qui est inclus :   Prise en charge et retour \u00e0 l&#039;h\u00f4tel.  V\u00e9hicule priv\u00e9 climatis\u00e9  Repas inclus  Guide conf\u00e9rencier  Ce qui n&#039;est pas inclus :   D\u00e9penses personnelles  Pourboires\" \/>\n<meta property=\"og:url\" content=\"https:\/\/evasionbleue.com\/index.php\/product\/visite-historique-de-marrakech\/\" \/>\n<meta property=\"og:site_name\" content=\"evasionbleue.com\" \/>\n<meta property=\"article:modified_time\" content=\"2024-04-16T02:46:06+00:00\" \/>\n<meta property=\"og:image\" content=\"https:\/\/evasionbleue.com\/wp-content\/uploads\/2024\/04\/vi5.jpg\" \/>\n\t<meta property=\"og:image:width\" content=\"1800\" \/>\n\t<meta property=\"og:image:height\" content=\"700\" \/>\n\t<meta property=\"og:image:type\" content=\"image\/jpeg\" \/>\n<meta name=\"twitter:card\" content=\"summary_large_image\" \/>\n<script type=\"application\/ld+json\" class=\"yoast-schema-graph\">{\"@context\":\"https:\/\/schema.org\",\"@graph\":[{\"@type\":\"WebPage\",\"@id\":\"https:\/\/evasionbleue.com\/index.php\/product\/visite-historique-de-marrakech\/\",\"url\":\"https:\/\/evasionbleue.com\/index.php\/product\/visite-historique-de-marrakech\/\",\"name\":\"VISITE HISTORIQUE DE MARRAKECH - evasionbleue.com\",\"isPartOf\":{\"@id\":\"https:\/\/evasionbleue.com\/#website\"},\"primaryImageOfPage\":{\"@id\":\"https:\/\/evasionbleue.com\/index.php\/product\/visite-historique-de-marrakech\/#primaryimage\"},\"image\":{\"@id\":\"https:\/\/evasionbleue.com\/index.php\/product\/visite-historique-de-marrakech\/#primaryimage\"},\"thumbnailUrl\":\"https:\/\/evasionbleue.com\/wp-content\/uploads\/2024\/04\/vi5.jpg\",\"datePublished\":\"2024-04-09T12:08:44+00:00\",\"dateModified\":\"2024-04-16T02:46:06+00:00\",\"breadcrumb\":{\"@id\":\"https:\/\/evasionbleue.com\/index.php\/product\/visite-historique-de-marrakech\/#breadcrumb\"},\"inLanguage\":\"fr-FR\",\"potentialAction\":[{\"@type\":\"ReadAction\",\"target\":[\"https:\/\/evasionbleue.com\/index.php\/product\/visite-historique-de-marrakech\/\"]}]},{\"@type\":\"ImageObject\",\"inLanguage\":\"fr-FR\",\"@id\":\"https:\/\/evasionbleue.com\/index.php\/product\/visite-historique-de-marrakech\/#primaryimage\",\"url\":\"https:\/\/evasionbleue.com\/wp-content\/uploads\/2024\/04\/vi5.jpg\",\"contentUrl\":\"https:\/\/evasionbleue.com\/wp-content\/uploads\/2024\/04\/vi5.jpg\",\"width\":1800,\"height\":700},{\"@type\":\"BreadcrumbList\",\"@id\":\"https:\/\/evasionbleue.com\/index.php\/product\/visite-historique-de-marrakech\/#breadcrumb\",\"itemListElement\":[{\"@type\":\"ListItem\",\"position\":1,\"name\":\"Accueil\",\"item\":\"https:\/\/evasionbleue.com\/\"},{\"@type\":\"ListItem\",\"position\":2,\"name\":\"Shop\",\"item\":\"https:\/\/evasionbleue.com\/index.php\/shop\/\"},{\"@type\":\"ListItem\",\"position\":3,\"name\":\"VISITE HISTORIQUE DE MARRAKECH\"}]},{\"@type\":\"WebSite\",\"@id\":\"https:\/\/evasionbleue.com\/#website\",\"url\":\"https:\/\/evasionbleue.com\/\",\"name\":\"evasionbleue.com\",\"description\":\"evasionbleue agence de voyage\",\"potentialAction\":[{\"@type\":\"SearchAction\",\"target\":{\"@type\":\"EntryPoint\",\"urlTemplate\":\"https:\/\/evasionbleue.com\/?s={search_term_string}\"},\"query-input\":{\"@type\":\"PropertyValueSpecification\",\"valueRequired\":true,\"valueName\":\"search_term_string\"}}],\"inLanguage\":\"fr-FR\"}]}<\/script>\n<!-- \/ Yoast SEO plugin. -->","yoast_head_json":{"title":"VISITE HISTORIQUE DE MARRAKECH - evasionbleue.com","robots":{"index":"index","follow":"follow","max-snippet":"max-snippet:-1","max-image-preview":"max-image-preview:large","max-video-preview":"max-video-preview:-1"},"canonical":"https:\/\/evasionbleue.com\/index.php\/product\/visite-historique-de-marrakech\/","og_locale":"fr_FR","og_type":"article","og_title":"VISITE HISTORIQUE DE MARRAKECH - evasionbleue.com","og_description":"Une journ\u00e9e au coeur de la ville rouge  Renomm\u00e9e depuis toujours pour l\u2019activit\u00e9 de ses commer\u00e7ants et l\u2019habilet\u00e9 de ses artisans, MARRAKECH brille aussi par la qualit\u00e9 de son climat et un environnement aussi exceptionnel que vari\u00e9, avec sa palmeraie, ses roseraies, la proximit\u00e9 de l\u2019Atlas enneig\u00e9 et des vall\u00e9es fleuries qui en descendent.  Elle est encore aujourd\u2019hui la capitale du Sud Marocain, toujours au carrefour des cultures, gardienne des traditions et du folklore, et riche d\u2019un patrimoine architectural qui en fait l\u2019un des hauts lieux du tourisme international.  Monuments et Palaces:\u00a0Vous d\u00e9couvrirez la majestueuse silhouette de la Koutoubia , puis les Tombeaux Saadiens , le Palais la Bahia et les Remparts.  La place Jemaa el Fna:\u00a0C\u0153ur vivant de la ville, connue dans le monde entier pour son animation perp\u00e9tuelle. Souks: V\u00e9ritables poumons \u00e9conomiques de la ville rouge o\u00f9 les artisans utilisent encore dans de nombreux domaines les anciennes techniques.  Les Jardins Historiques:\u00a0Le jardin Majorelle et les Jardins de la Menara\u2026  Mus\u00e9e Mohammed VI pour la civilisation de l\u2019eau:\u00a0le premier mus\u00e9 historique, scientifique et culturel d\u00e9di\u00e9 au patrimoine hydraulique marocain.  Ce qui est inclus :   Prise en charge et retour \u00e0 l'h\u00f4tel.  V\u00e9hicule priv\u00e9 climatis\u00e9  Repas inclus  Guide conf\u00e9rencier  Ce qui n'est pas inclus :   D\u00e9penses personnelles  Pourboires","og_url":"https:\/\/evasionbleue.com\/index.php\/product\/visite-historique-de-marrakech\/","og_site_name":"evasionbleue.com","article_modified_time":"2024-04-16T02:46:06+00:00","og_image":[{"width":1800,"height":700,"url":"https:\/\/evasionbleue.com\/wp-content\/uploads\/2024\/04\/vi5.jpg","type":"image\/jpeg"}],"twitter_card":"summary_large_image","schema":{"@context":"https:\/\/schema.org","@graph":[{"@type":"WebPage","@id":"https:\/\/evasionbleue.com\/index.php\/product\/visite-historique-de-marrakech\/","url":"https:\/\/evasionbleue.com\/index.php\/product\/visite-historique-de-marrakech\/","name":"VISITE HISTORIQUE DE MARRAKECH - evasionbleue.com","isPartOf":{"@id":"https:\/\/evasionbleue.com\/#website"},"primaryImageOfPage":{"@id":"https:\/\/evasionbleue.com\/index.php\/product\/visite-historique-de-marrakech\/#primaryimage"},"image":{"@id":"https:\/\/evasionbleue.com\/index.php\/product\/visite-historique-de-marrakech\/#primaryimage"},"thumbnailUrl":"https:\/\/evasionbleue.com\/wp-content\/uploads\/2024\/04\/vi5.jpg","datePublished":"2024-04-09T12:08:44+00:00","dateModified":"2024-04-16T02:46:06+00:00","breadcrumb":{"@id":"https:\/\/evasionbleue.com\/index.php\/product\/visite-historique-de-marrakech\/#breadcrumb"},"inLanguage":"fr-FR","potentialAction":[{"@type":"ReadAction","target":["https:\/\/evasionbleue.com\/index.php\/product\/visite-historique-de-marrakech\/"]}]},{"@type":"ImageObject","inLanguage":"fr-FR","@id":"https:\/\/evasionbleue.com\/index.php\/product\/visite-historique-de-marrakech\/#primaryimage","url":"https:\/\/evasionbleue.com\/wp-content\/uploads\/2024\/04\/vi5.jpg","contentUrl":"https:\/\/evasionbleue.com\/wp-content\/uploads\/2024\/04\/vi5.jpg","width":1800,"height":700},{"@type":"BreadcrumbList","@id":"https:\/\/evasionbleue.com\/index.php\/product\/visite-historique-de-marrakech\/#breadcrumb","itemListElement":[{"@type":"ListItem","position":1,"name":"Accueil","item":"https:\/\/evasionbleue.com\/"},{"@type":"ListItem","position":2,"name":"Shop","item":"https:\/\/evasionbleue.com\/index.php\/shop\/"},{"@type":"ListItem","position":3,"name":"VISITE HISTORIQUE DE MARRAKECH"}]},{"@type":"WebSite","@id":"https:\/\/evasionbleue.com\/#website","url":"https:\/\/evasionbleue.com\/","name":"evasionbleue.com","description":"evasionbleue agence de voyage","potentialAction":[{"@type":"SearchAction","target":{"@type":"EntryPoint","urlTemplate":"https:\/\/evasionbleue.com\/?s={search_term_string}"},"query-input":{"@type":"PropertyValueSpecification","valueRequired":true,"valueName":"search_term_string"}}],"inLanguage":"fr-FR"}]}},"_links":{"self":[{"href":"https:\/\/evasionbleue.com\/index.php\/wp-json\/wp\/v2\/product\/10560","targetHints":{"allow":["GET"]}}],"collection":[{"href":"https:\/\/evasionbleue.com\/index.php\/wp-json\/wp\/v2\/product"}],"about":[{"href":"https:\/\/evasionbleue.com\/index.php\/wp-json\/wp\/v2\/types\/product"}],"replies":[{"embeddable":true,"href":"https:\/\/evasionbleue.com\/index.php\/wp-json\/wp\/v2\/comments?post=10560"}],"version-history":[{"count":1,"href":"https:\/\/evasionbleue.com\/index.php\/wp-json\/wp\/v2\/product\/10560\/revisions"}],"predecessor-version":[{"id":10566,"href":"https:\/\/evasionbleue.com\/index.php\/wp-json\/wp\/v2\/product\/10560\/revisions\/10566"}],"wp:featuredmedia":[{"embeddable":true,"href":"https:\/\/evasionbleue.com\/index.php\/wp-json\/wp\/v2\/media\/10564"}],"wp:attachment":[{"href":"https:\/\/evasionbleue.com\/index.php\/wp-json\/wp\/v2\/media?parent=10560"}],"wp:term":[{"taxonomy":"product_brand","embeddable":true,"href":"https:\/\/evasionbleue.com\/index.php\/wp-json\/wp\/v2\/product_brand?post=10560"},{"taxonomy":"product_cat","embeddable":true,"href":"https:\/\/evasionbleue.com\/index.php\/wp-json\/wp\/v2\/product_cat?post=10560"},{"taxonomy":"product_tag","embeddable":true,"href":"https:\/\/evasionbleue.com\/index.php\/wp-json\/wp\/v2\/product_tag?post=10560"}],"curies":[{"name":"wp","href":"https:\/\/api.w.org\/{rel}","templated":true}]}}