{"id":10602,"date":"2024-04-09T22:31:58","date_gmt":"2024-04-09T22:31:58","guid":{"rendered":"https:\/\/evasionbleue.com\/?post_type=product&#038;p=10602"},"modified":"2024-04-09T22:32:39","modified_gmt":"2024-04-09T22:32:39","slug":"les-3-vallees-de-latlas","status":"publish","type":"product","link":"https:\/\/evasionbleue.com\/index.php\/product\/les-3-vallees-de-latlas\/","title":{"rendered":"LES 3 VALL\u00c9ES DE L&rsquo;ATLAS"},"content":{"rendered":"","protected":false},"excerpt":{"rendered":"<p><b>Une journ\u00e9e dans les montagnes de l&rsquo;Atlas<\/b><\/p>\n<p>Votre excursion dans les montagnes de l\u2019atlas vont vous faire visiter les 3 plus belles vall\u00e9es entourant la ville de MARRAKECH. Au d\u00e9part de MARRAKECH avec un chauffeur exp\u00e9riment\u00e9 vers la premi\u00e8re vall\u00e9e de l\u2019Ourika, \u00e0 environ 1 heure de route de MARRAKECH.<br \/>\nElle est c\u00e9l\u00e8bre pour ses cascades.<br \/>\nOn y trouve \u00e9galement des femmes berb\u00e8res qui extraient de l\u2019huile d\u2019argan.<br \/>\nVous aurez \u00e9galement des vues spectaculaires \u00e0 perte de vue. En empruntant un chemin qui se trouve \u00e0 1800 m\u00e8tres d\u2019altitude, vous continuerez \u00e0 travers la deuxi\u00e8me vall\u00e9e connue sous le nom de vall\u00e9e de l\u2019Oukaimeden.<br \/>\nVous passerez par des villages berb\u00e8res traditionnels construits en adobe et en pierres.<br \/>\nSi vous souhaitez d\u00e9couvrir la vie authentique des Berb\u00e8res, nous pouvons organiser pour vous un d\u00e9licieux d\u00e9jeuner dans une maison berb\u00e8re typique en option.<br \/>\nEnsuite, vous atteindrez la troisi\u00e8me vall\u00e9e d\u2019Asni, c\u00e9l\u00e8bre pour ses arbres fruitiers, c\u2019est ici que vous pourrez appr\u00e9cier la vue des sommets enneig\u00e9s du Haut Atlas de MARRAKECH.<br \/>\nVous traverserez ensuite le plateau de Kik, pour arriver au magnifique lac de Takerkoust qui est utilis\u00e9 comme r\u00e9servoir et pour g\u00e9n\u00e9rer de l\u2019\u00e9nergie hydro\u00e9lectrique.<br \/>\nL\u2019excursion des trois Vall\u00e9es Au D\u00e9part De MARRAKECH dans les montagnes de l\u2019Atlas se termine par un retour en voiture \u00e0 MARRAKECH\u2026<\/p>\n<div class=\"col-lg-9\">\n<h4>Ce qui est inclus :<\/h4>\n<ul class=\"list_ok\">\n<li>Prise en charge et retour \u00e0 l&rsquo;h\u00f4tel.<\/li>\n<li>V\u00e9hicule priv\u00e9 climatis\u00e9<\/li>\n<li>Repas inclus<\/li>\n<li>Guide conf\u00e9rencier<\/li>\n<\/ul>\n<h4>Ce qui n&rsquo;est pas inclus :<\/h4>\n<ul class=\"list_ok\">\n<li>D\u00e9penses personnelles<\/li>\n<li>Pourboires<\/li>\n<\/ul>\n<\/div>\n","protected":false},"featured_media":10606,"comment_status":"open","ping_status":"closed","template":"","meta":[],"product_brand":[],"product_cat":[110,107],"product_tag":[],"class_list":{"0":"post-10602","1":"product","2":"type-product","3":"status-publish","4":"has-post-thumbnail","6":"product_cat-excursions","7":"product_cat-excursions-marrakech","9":"first","10":"instock","11":"shipping-taxable","12":"purchasable","13":"product-type-simple"},"yoast_head":"<!-- This site is optimized with the Yoast SEO plugin v25.3.1 - https:\/\/yoast.com\/wordpress\/plugins\/seo\/ -->\n<title>LES 3 VALL\u00c9ES DE L&#039;ATLAS - evasionbleue.com<\/title>\n<meta name=\"robots\" content=\"index, follow, max-snippet:-1, max-image-preview:large, max-video-preview:-1\" \/>\n<link rel=\"canonical\" href=\"https:\/\/evasionbleue.com\/index.php\/product\/les-3-vallees-de-latlas\/\" \/>\n<meta property=\"og:locale\" content=\"fr_FR\" \/>\n<meta property=\"og:type\" content=\"article\" \/>\n<meta property=\"og:title\" content=\"LES 3 VALL\u00c9ES DE L&#039;ATLAS - evasionbleue.com\" \/>\n<meta property=\"og:description\" content=\"Une journ\u00e9e dans les montagnes de l&#039;Atlas  Votre excursion dans les montagnes de l\u2019atlas vont vous faire visiter les 3 plus belles vall\u00e9es entourant la ville de MARRAKECH. Au d\u00e9part de MARRAKECH avec un chauffeur exp\u00e9riment\u00e9 vers la premi\u00e8re vall\u00e9e de l\u2019Ourika, \u00e0 environ 1 heure de route de MARRAKECH. Elle est c\u00e9l\u00e8bre pour ses cascades. On y trouve \u00e9galement des femmes berb\u00e8res qui extraient de l\u2019huile d\u2019argan. Vous aurez \u00e9galement des vues spectaculaires \u00e0 perte de vue. En empruntant un chemin qui se trouve \u00e0 1800 m\u00e8tres d\u2019altitude, vous continuerez \u00e0 travers la deuxi\u00e8me vall\u00e9e connue sous le nom de vall\u00e9e de l\u2019Oukaimeden. Vous passerez par des villages berb\u00e8res traditionnels construits en adobe et en pierres. Si vous souhaitez d\u00e9couvrir la vie authentique des Berb\u00e8res, nous pouvons organiser pour vous un d\u00e9licieux d\u00e9jeuner dans une maison berb\u00e8re typique en option. Ensuite, vous atteindrez la troisi\u00e8me vall\u00e9e d\u2019Asni, c\u00e9l\u00e8bre pour ses arbres fruitiers, c\u2019est ici que vous pourrez appr\u00e9cier la vue des sommets enneig\u00e9s du Haut Atlas de MARRAKECH. Vous traverserez ensuite le plateau de Kik, pour arriver au magnifique lac de Takerkoust qui est utilis\u00e9 comme r\u00e9servoir et pour g\u00e9n\u00e9rer de l\u2019\u00e9nergie hydro\u00e9lectrique. L\u2019excursion des trois Vall\u00e9es Au D\u00e9part De MARRAKECH dans les montagnes de l\u2019Atlas se termine par un retour en voiture \u00e0 MARRAKECH\u2026  Ce qui est inclus :   Prise en charge et retour \u00e0 l&#039;h\u00f4tel.  V\u00e9hicule priv\u00e9 climatis\u00e9  Repas inclus  Guide conf\u00e9rencier  Ce qui n&#039;est pas inclus :   D\u00e9penses personnelles  Pourboires\" \/>\n<meta property=\"og:url\" content=\"https:\/\/evasionbleue.com\/index.php\/product\/les-3-vallees-de-latlas\/\" \/>\n<meta property=\"og:site_name\" content=\"evasionbleue.com\" \/>\n<meta property=\"article:modified_time\" content=\"2024-04-09T22:32:39+00:00\" \/>\n<meta property=\"og:image\" content=\"https:\/\/evasionbleue.com\/wp-content\/uploads\/2024\/04\/Untitled-design-8-1300x731.png\" \/>\n\t<meta property=\"og:image:width\" content=\"1300\" \/>\n\t<meta property=\"og:image:height\" content=\"731\" \/>\n\t<meta property=\"og:image:type\" content=\"image\/png\" \/>\n<meta name=\"twitter:card\" content=\"summary_large_image\" \/>\n<script type=\"application\/ld+json\" class=\"yoast-schema-graph\">{\"@context\":\"https:\/\/schema.org\",\"@graph\":[{\"@type\":\"WebPage\",\"@id\":\"https:\/\/evasionbleue.com\/index.php\/product\/les-3-vallees-de-latlas\/\",\"url\":\"https:\/\/evasionbleue.com\/index.php\/product\/les-3-vallees-de-latlas\/\",\"name\":\"LES 3 VALL\u00c9ES DE L'ATLAS - evasionbleue.com\",\"isPartOf\":{\"@id\":\"https:\/\/evasionbleue.com\/#website\"},\"primaryImageOfPage\":{\"@id\":\"https:\/\/evasionbleue.com\/index.php\/product\/les-3-vallees-de-latlas\/#primaryimage\"},\"image\":{\"@id\":\"https:\/\/evasionbleue.com\/index.php\/product\/les-3-vallees-de-latlas\/#primaryimage\"},\"thumbnailUrl\":\"https:\/\/evasionbleue.com\/wp-content\/uploads\/2024\/04\/Untitled-design-8.png\",\"datePublished\":\"2024-04-09T22:31:58+00:00\",\"dateModified\":\"2024-04-09T22:32:39+00:00\",\"breadcrumb\":{\"@id\":\"https:\/\/evasionbleue.com\/index.php\/product\/les-3-vallees-de-latlas\/#breadcrumb\"},\"inLanguage\":\"fr-FR\",\"potentialAction\":[{\"@type\":\"ReadAction\",\"target\":[\"https:\/\/evasionbleue.com\/index.php\/product\/les-3-vallees-de-latlas\/\"]}]},{\"@type\":\"ImageObject\",\"inLanguage\":\"fr-FR\",\"@id\":\"https:\/\/evasionbleue.com\/index.php\/product\/les-3-vallees-de-latlas\/#primaryimage\",\"url\":\"https:\/\/evasionbleue.com\/wp-content\/uploads\/2024\/04\/Untitled-design-8.png\",\"contentUrl\":\"https:\/\/evasionbleue.com\/wp-content\/uploads\/2024\/04\/Untitled-design-8.png\",\"width\":1920,\"height\":1080},{\"@type\":\"BreadcrumbList\",\"@id\":\"https:\/\/evasionbleue.com\/index.php\/product\/les-3-vallees-de-latlas\/#breadcrumb\",\"itemListElement\":[{\"@type\":\"ListItem\",\"position\":1,\"name\":\"Accueil\",\"item\":\"https:\/\/evasionbleue.com\/\"},{\"@type\":\"ListItem\",\"position\":2,\"name\":\"Shop\",\"item\":\"https:\/\/evasionbleue.com\/index.php\/shop\/\"},{\"@type\":\"ListItem\",\"position\":3,\"name\":\"LES 3 VALL\u00c9ES DE L&#8217;ATLAS\"}]},{\"@type\":\"WebSite\",\"@id\":\"https:\/\/evasionbleue.com\/#website\",\"url\":\"https:\/\/evasionbleue.com\/\",\"name\":\"evasionbleue.com\",\"description\":\"evasionbleue agence de voyage\",\"potentialAction\":[{\"@type\":\"SearchAction\",\"target\":{\"@type\":\"EntryPoint\",\"urlTemplate\":\"https:\/\/evasionbleue.com\/?s={search_term_string}\"},\"query-input\":{\"@type\":\"PropertyValueSpecification\",\"valueRequired\":true,\"valueName\":\"search_term_string\"}}],\"inLanguage\":\"fr-FR\"}]}<\/script>\n<!-- \/ Yoast SEO plugin. -->","yoast_head_json":{"title":"LES 3 VALL\u00c9ES DE L'ATLAS - evasionbleue.com","robots":{"index":"index","follow":"follow","max-snippet":"max-snippet:-1","max-image-preview":"max-image-preview:large","max-video-preview":"max-video-preview:-1"},"canonical":"https:\/\/evasionbleue.com\/index.php\/product\/les-3-vallees-de-latlas\/","og_locale":"fr_FR","og_type":"article","og_title":"LES 3 VALL\u00c9ES DE L'ATLAS - evasionbleue.com","og_description":"Une journ\u00e9e dans les montagnes de l'Atlas  Votre excursion dans les montagnes de l\u2019atlas vont vous faire visiter les 3 plus belles vall\u00e9es entourant la ville de MARRAKECH. Au d\u00e9part de MARRAKECH avec un chauffeur exp\u00e9riment\u00e9 vers la premi\u00e8re vall\u00e9e de l\u2019Ourika, \u00e0 environ 1 heure de route de MARRAKECH. Elle est c\u00e9l\u00e8bre pour ses cascades. On y trouve \u00e9galement des femmes berb\u00e8res qui extraient de l\u2019huile d\u2019argan. Vous aurez \u00e9galement des vues spectaculaires \u00e0 perte de vue. En empruntant un chemin qui se trouve \u00e0 1800 m\u00e8tres d\u2019altitude, vous continuerez \u00e0 travers la deuxi\u00e8me vall\u00e9e connue sous le nom de vall\u00e9e de l\u2019Oukaimeden. Vous passerez par des villages berb\u00e8res traditionnels construits en adobe et en pierres. Si vous souhaitez d\u00e9couvrir la vie authentique des Berb\u00e8res, nous pouvons organiser pour vous un d\u00e9licieux d\u00e9jeuner dans une maison berb\u00e8re typique en option. Ensuite, vous atteindrez la troisi\u00e8me vall\u00e9e d\u2019Asni, c\u00e9l\u00e8bre pour ses arbres fruitiers, c\u2019est ici que vous pourrez appr\u00e9cier la vue des sommets enneig\u00e9s du Haut Atlas de MARRAKECH. Vous traverserez ensuite le plateau de Kik, pour arriver au magnifique lac de Takerkoust qui est utilis\u00e9 comme r\u00e9servoir et pour g\u00e9n\u00e9rer de l\u2019\u00e9nergie hydro\u00e9lectrique. L\u2019excursion des trois Vall\u00e9es Au D\u00e9part De MARRAKECH dans les montagnes de l\u2019Atlas se termine par un retour en voiture \u00e0 MARRAKECH\u2026  Ce qui est inclus :   Prise en charge et retour \u00e0 l'h\u00f4tel.  V\u00e9hicule priv\u00e9 climatis\u00e9  Repas inclus  Guide conf\u00e9rencier  Ce qui n'est pas inclus :   D\u00e9penses personnelles  Pourboires","og_url":"https:\/\/evasionbleue.com\/index.php\/product\/les-3-vallees-de-latlas\/","og_site_name":"evasionbleue.com","article_modified_time":"2024-04-09T22:32:39+00:00","og_image":[{"width":1300,"height":731,"url":"https:\/\/evasionbleue.com\/wp-content\/uploads\/2024\/04\/Untitled-design-8-1300x731.png","type":"image\/png"}],"twitter_card":"summary_large_image","schema":{"@context":"https:\/\/schema.org","@graph":[{"@type":"WebPage","@id":"https:\/\/evasionbleue.com\/index.php\/product\/les-3-vallees-de-latlas\/","url":"https:\/\/evasionbleue.com\/index.php\/product\/les-3-vallees-de-latlas\/","name":"LES 3 VALL\u00c9ES DE L'ATLAS - evasionbleue.com","isPartOf":{"@id":"https:\/\/evasionbleue.com\/#website"},"primaryImageOfPage":{"@id":"https:\/\/evasionbleue.com\/index.php\/product\/les-3-vallees-de-latlas\/#primaryimage"},"image":{"@id":"https:\/\/evasionbleue.com\/index.php\/product\/les-3-vallees-de-latlas\/#primaryimage"},"thumbnailUrl":"https:\/\/evasionbleue.com\/wp-content\/uploads\/2024\/04\/Untitled-design-8.png","datePublished":"2024-04-09T22:31:58+00:00","dateModified":"2024-04-09T22:32:39+00:00","breadcrumb":{"@id":"https:\/\/evasionbleue.com\/index.php\/product\/les-3-vallees-de-latlas\/#breadcrumb"},"inLanguage":"fr-FR","potentialAction":[{"@type":"ReadAction","target":["https:\/\/evasionbleue.com\/index.php\/product\/les-3-vallees-de-latlas\/"]}]},{"@type":"ImageObject","inLanguage":"fr-FR","@id":"https:\/\/evasionbleue.com\/index.php\/product\/les-3-vallees-de-latlas\/#primaryimage","url":"https:\/\/evasionbleue.com\/wp-content\/uploads\/2024\/04\/Untitled-design-8.png","contentUrl":"https:\/\/evasionbleue.com\/wp-content\/uploads\/2024\/04\/Untitled-design-8.png","width":1920,"height":1080},{"@type":"BreadcrumbList","@id":"https:\/\/evasionbleue.com\/index.php\/product\/les-3-vallees-de-latlas\/#breadcrumb","itemListElement":[{"@type":"ListItem","position":1,"name":"Accueil","item":"https:\/\/evasionbleue.com\/"},{"@type":"ListItem","position":2,"name":"Shop","item":"https:\/\/evasionbleue.com\/index.php\/shop\/"},{"@type":"ListItem","position":3,"name":"LES 3 VALL\u00c9ES DE L&#8217;ATLAS"}]},{"@type":"WebSite","@id":"https:\/\/evasionbleue.com\/#website","url":"https:\/\/evasionbleue.com\/","name":"evasionbleue.com","description":"evasionbleue agence de voyage","potentialAction":[{"@type":"SearchAction","target":{"@type":"EntryPoint","urlTemplate":"https:\/\/evasionbleue.com\/?s={search_term_string}"},"query-input":{"@type":"PropertyValueSpecification","valueRequired":true,"valueName":"search_term_string"}}],"inLanguage":"fr-FR"}]}},"_links":{"self":[{"href":"https:\/\/evasionbleue.com\/index.php\/wp-json\/wp\/v2\/product\/10602","targetHints":{"allow":["GET"]}}],"collection":[{"href":"https:\/\/evasionbleue.com\/index.php\/wp-json\/wp\/v2\/product"}],"about":[{"href":"https:\/\/evasionbleue.com\/index.php\/wp-json\/wp\/v2\/types\/product"}],"replies":[{"embeddable":true,"href":"https:\/\/evasionbleue.com\/index.php\/wp-json\/wp\/v2\/comments?post=10602"}],"version-history":[{"count":1,"href":"https:\/\/evasionbleue.com\/index.php\/wp-json\/wp\/v2\/product\/10602\/revisions"}],"predecessor-version":[{"id":10608,"href":"https:\/\/evasionbleue.com\/index.php\/wp-json\/wp\/v2\/product\/10602\/revisions\/10608"}],"wp:featuredmedia":[{"embeddable":true,"href":"https:\/\/evasionbleue.com\/index.php\/wp-json\/wp\/v2\/media\/10606"}],"wp:attachment":[{"href":"https:\/\/evasionbleue.com\/index.php\/wp-json\/wp\/v2\/media?parent=10602"}],"wp:term":[{"taxonomy":"product_brand","embeddable":true,"href":"https:\/\/evasionbleue.com\/index.php\/wp-json\/wp\/v2\/product_brand?post=10602"},{"taxonomy":"product_cat","embeddable":true,"href":"https:\/\/evasionbleue.com\/index.php\/wp-json\/wp\/v2\/product_cat?post=10602"},{"taxonomy":"product_tag","embeddable":true,"href":"https:\/\/evasionbleue.com\/index.php\/wp-json\/wp\/v2\/product_tag?post=10602"}],"curies":[{"name":"wp","href":"https:\/\/api.w.org\/{rel}","templated":true}]}}