{"id":10612,"date":"2024-04-10T01:55:15","date_gmt":"2024-04-10T01:55:15","guid":{"rendered":"https:\/\/evasionbleue.com\/?post_type=product&#038;p=10612"},"modified":"2024-08-13T23:51:11","modified_gmt":"2024-08-13T23:51:11","slug":"les-cascades-douzoud","status":"publish","type":"product","link":"https:\/\/evasionbleue.com\/index.php\/product\/les-cascades-douzoud\/","title":{"rendered":"LES CASCADES D&rsquo;OUZOUD"},"content":{"rendered":"","protected":false},"excerpt":{"rendered":"<h4>Randonn\u00e9e guid\u00e9e et excursion en bateau aux cascades d&rsquo;Ouzoud<\/h4>\n<p>Les cascades d&rsquo;Ouzoud sont des chutes d&rsquo;eau d&rsquo;environ 110 m de haut, sur trois paliers, sur un site g\u00e9ologique pittoresque de l&rsquo;oued Tissakht, \u00e0 1 060 m d&rsquo;altitude du massif de l&rsquo;Atlas, dans le Haut Atlas central, au Maroc.<\/p>\n<p>Ces chutes d&rsquo;eau spectaculaires, consid\u00e9r\u00e9es parmi les plus \u00e9lev\u00e9es et les plus belles du Maroc, souvent domin\u00e9es par un\u00a0arc-en-ciel, se situent dans une\u00a0oued\u00a0\/\u00a0vall\u00e9e\u00a0verdoyante\u00a0rurale\u00a0de\u00a0gr\u00e8s rouge, semblable \u00e0 une\u00a0oasis, plant\u00e9e d&rsquo;oliveraies, d&rsquo;amandiers, de\u00a0figuiers, et autres\u00a0caroubiers, ou une douzaine de petits\u00a0moulins \u00e0 huile\u00a0traditionnels sont toujours en activit\u00e9.<\/p>\n<p>&nbsp;<\/p>\n<p><strong>Points forts<\/strong><\/p>\n<p><strong>\u00a0<\/strong><\/p>\n<ul>\n<li>Admirez les spectaculaires cascades d&rsquo;Ouzoud<\/li>\n<li>Suivez votre guide le long d&rsquo;un sentier panoramique<\/li>\n<li>Approchez-vous des chutes lors d&rsquo;un tour en bateau<\/li>\n<li>D\u00e9tendez-vous gr\u00e2ce \u00e0 votre navette et votre d\u00e9jeuner programm\u00e9s \u00e0 l&rsquo;avance<\/li>\n<li>Observez les singes sauvages qui se prom\u00e8nent autour des chutes<\/li>\n<\/ul>\n<p>&nbsp;<\/p>\n<p><strong>Inclus<\/strong><\/p>\n<p><strong>\u00a0<\/strong><\/p>\n<ul>\n<li>Prise en charge aller-retour depuis votre h\u00f4tel\/riad<\/li>\n<li>Chauffeur ou chauffeuse bilingue<\/li>\n<li>Guide \u00e0 Ouzoud<\/li>\n<li>Tour en bateau<\/li>\n<li>Voyage aller-retour en minibus climatis\u00e9<\/li>\n<li>D\u00e9jeuner<\/li>\n<\/ul>\n","protected":false},"featured_media":10615,"comment_status":"open","ping_status":"closed","template":"","meta":[],"product_brand":[],"product_cat":[110,107],"product_tag":[],"class_list":{"0":"post-10612","1":"product","2":"type-product","3":"status-publish","4":"has-post-thumbnail","6":"product_cat-excursions","7":"product_cat-excursions-marrakech","9":"first","10":"instock","11":"shipping-taxable","12":"purchasable","13":"product-type-simple"},"yoast_head":"<!-- This site is optimized with the Yoast SEO plugin v25.3.1 - https:\/\/yoast.com\/wordpress\/plugins\/seo\/ -->\n<title>LES CASCADES D&#039;OUZOUD - evasionbleue.com<\/title>\n<meta name=\"robots\" content=\"index, follow, max-snippet:-1, max-image-preview:large, max-video-preview:-1\" \/>\n<link rel=\"canonical\" href=\"https:\/\/evasionbleue.com\/index.php\/product\/les-cascades-douzoud\/\" \/>\n<meta property=\"og:locale\" content=\"fr_FR\" \/>\n<meta property=\"og:type\" content=\"article\" \/>\n<meta property=\"og:title\" content=\"LES CASCADES D&#039;OUZOUD - evasionbleue.com\" \/>\n<meta property=\"og:description\" content=\"Randonn\u00e9e guid\u00e9e et excursion en bateau aux cascades d&#039;Ouzoud Les cascades d&#039;Ouzoud sont des chutes d&#039;eau d&#039;environ 110 m de haut, sur trois paliers, sur un site g\u00e9ologique pittoresque de l&#039;oued Tissakht, \u00e0 1 060 m d&#039;altitude du massif de l&#039;Atlas, dans le Haut Atlas central, au Maroc.  Ces chutes d&#039;eau spectaculaires, consid\u00e9r\u00e9es parmi les plus \u00e9lev\u00e9es et les plus belles du Maroc, souvent domin\u00e9es par un\u00a0arc-en-ciel, se situent dans une\u00a0oued\u00a0\/\u00a0vall\u00e9e\u00a0verdoyante\u00a0rurale\u00a0de\u00a0gr\u00e8s rouge, semblable \u00e0 une\u00a0oasis, plant\u00e9e d&#039;oliveraies, d&#039;amandiers, de\u00a0figuiers, et autres\u00a0caroubiers, ou une douzaine de petits\u00a0moulins \u00e0 huile\u00a0traditionnels sont toujours en activit\u00e9.  &nbsp;  Points forts  \u00a0   Admirez les spectaculaires cascades d&#039;Ouzoud  Suivez votre guide le long d&#039;un sentier panoramique  Approchez-vous des chutes lors d&#039;un tour en bateau  D\u00e9tendez-vous gr\u00e2ce \u00e0 votre navette et votre d\u00e9jeuner programm\u00e9s \u00e0 l&#039;avance  Observez les singes sauvages qui se prom\u00e8nent autour des chutes  &nbsp;  Inclus  \u00a0   Prise en charge aller-retour depuis votre h\u00f4tel\/riad  Chauffeur ou chauffeuse bilingue  Guide \u00e0 Ouzoud  Tour en bateau  Voyage aller-retour en minibus climatis\u00e9  D\u00e9jeuner\" \/>\n<meta property=\"og:url\" content=\"https:\/\/evasionbleue.com\/index.php\/product\/les-cascades-douzoud\/\" \/>\n<meta property=\"og:site_name\" content=\"evasionbleue.com\" \/>\n<meta property=\"article:modified_time\" content=\"2024-08-13T23:51:11+00:00\" \/>\n<meta property=\"og:image\" content=\"https:\/\/evasionbleue.com\/wp-content\/uploads\/2024\/04\/Untitled-design-18-1300x731.png\" \/>\n\t<meta property=\"og:image:width\" content=\"1300\" \/>\n\t<meta property=\"og:image:height\" content=\"731\" \/>\n\t<meta property=\"og:image:type\" content=\"image\/png\" \/>\n<meta name=\"twitter:card\" content=\"summary_large_image\" \/>\n<meta name=\"twitter:label1\" content=\"Dur\u00e9e de lecture estim\u00e9e\" \/>\n\t<meta name=\"twitter:data1\" content=\"1 minute\" \/>\n<script type=\"application\/ld+json\" class=\"yoast-schema-graph\">{\"@context\":\"https:\/\/schema.org\",\"@graph\":[{\"@type\":\"WebPage\",\"@id\":\"https:\/\/evasionbleue.com\/index.php\/product\/les-cascades-douzoud\/\",\"url\":\"https:\/\/evasionbleue.com\/index.php\/product\/les-cascades-douzoud\/\",\"name\":\"LES CASCADES D'OUZOUD - evasionbleue.com\",\"isPartOf\":{\"@id\":\"https:\/\/evasionbleue.com\/#website\"},\"primaryImageOfPage\":{\"@id\":\"https:\/\/evasionbleue.com\/index.php\/product\/les-cascades-douzoud\/#primaryimage\"},\"image\":{\"@id\":\"https:\/\/evasionbleue.com\/index.php\/product\/les-cascades-douzoud\/#primaryimage\"},\"thumbnailUrl\":\"https:\/\/evasionbleue.com\/wp-content\/uploads\/2024\/04\/Untitled-design-18.png\",\"datePublished\":\"2024-04-10T01:55:15+00:00\",\"dateModified\":\"2024-08-13T23:51:11+00:00\",\"breadcrumb\":{\"@id\":\"https:\/\/evasionbleue.com\/index.php\/product\/les-cascades-douzoud\/#breadcrumb\"},\"inLanguage\":\"fr-FR\",\"potentialAction\":[{\"@type\":\"ReadAction\",\"target\":[\"https:\/\/evasionbleue.com\/index.php\/product\/les-cascades-douzoud\/\"]}]},{\"@type\":\"ImageObject\",\"inLanguage\":\"fr-FR\",\"@id\":\"https:\/\/evasionbleue.com\/index.php\/product\/les-cascades-douzoud\/#primaryimage\",\"url\":\"https:\/\/evasionbleue.com\/wp-content\/uploads\/2024\/04\/Untitled-design-18.png\",\"contentUrl\":\"https:\/\/evasionbleue.com\/wp-content\/uploads\/2024\/04\/Untitled-design-18.png\",\"width\":1920,\"height\":1080},{\"@type\":\"BreadcrumbList\",\"@id\":\"https:\/\/evasionbleue.com\/index.php\/product\/les-cascades-douzoud\/#breadcrumb\",\"itemListElement\":[{\"@type\":\"ListItem\",\"position\":1,\"name\":\"Accueil\",\"item\":\"https:\/\/evasionbleue.com\/\"},{\"@type\":\"ListItem\",\"position\":2,\"name\":\"Shop\",\"item\":\"https:\/\/evasionbleue.com\/index.php\/shop\/\"},{\"@type\":\"ListItem\",\"position\":3,\"name\":\"LES CASCADES D&rsquo;OUZOUD\"}]},{\"@type\":\"WebSite\",\"@id\":\"https:\/\/evasionbleue.com\/#website\",\"url\":\"https:\/\/evasionbleue.com\/\",\"name\":\"evasionbleue.com\",\"description\":\"evasionbleue agence de voyage\",\"potentialAction\":[{\"@type\":\"SearchAction\",\"target\":{\"@type\":\"EntryPoint\",\"urlTemplate\":\"https:\/\/evasionbleue.com\/?s={search_term_string}\"},\"query-input\":{\"@type\":\"PropertyValueSpecification\",\"valueRequired\":true,\"valueName\":\"search_term_string\"}}],\"inLanguage\":\"fr-FR\"}]}<\/script>\n<!-- \/ Yoast SEO plugin. -->","yoast_head_json":{"title":"LES CASCADES D'OUZOUD - evasionbleue.com","robots":{"index":"index","follow":"follow","max-snippet":"max-snippet:-1","max-image-preview":"max-image-preview:large","max-video-preview":"max-video-preview:-1"},"canonical":"https:\/\/evasionbleue.com\/index.php\/product\/les-cascades-douzoud\/","og_locale":"fr_FR","og_type":"article","og_title":"LES CASCADES D'OUZOUD - evasionbleue.com","og_description":"Randonn\u00e9e guid\u00e9e et excursion en bateau aux cascades d'Ouzoud Les cascades d'Ouzoud sont des chutes d'eau d'environ 110 m de haut, sur trois paliers, sur un site g\u00e9ologique pittoresque de l'oued Tissakht, \u00e0 1 060 m d'altitude du massif de l'Atlas, dans le Haut Atlas central, au Maroc.  Ces chutes d'eau spectaculaires, consid\u00e9r\u00e9es parmi les plus \u00e9lev\u00e9es et les plus belles du Maroc, souvent domin\u00e9es par un\u00a0arc-en-ciel, se situent dans une\u00a0oued\u00a0\/\u00a0vall\u00e9e\u00a0verdoyante\u00a0rurale\u00a0de\u00a0gr\u00e8s rouge, semblable \u00e0 une\u00a0oasis, plant\u00e9e d'oliveraies, d'amandiers, de\u00a0figuiers, et autres\u00a0caroubiers, ou une douzaine de petits\u00a0moulins \u00e0 huile\u00a0traditionnels sont toujours en activit\u00e9.  &nbsp;  Points forts  \u00a0   Admirez les spectaculaires cascades d'Ouzoud  Suivez votre guide le long d'un sentier panoramique  Approchez-vous des chutes lors d'un tour en bateau  D\u00e9tendez-vous gr\u00e2ce \u00e0 votre navette et votre d\u00e9jeuner programm\u00e9s \u00e0 l'avance  Observez les singes sauvages qui se prom\u00e8nent autour des chutes  &nbsp;  Inclus  \u00a0   Prise en charge aller-retour depuis votre h\u00f4tel\/riad  Chauffeur ou chauffeuse bilingue  Guide \u00e0 Ouzoud  Tour en bateau  Voyage aller-retour en minibus climatis\u00e9  D\u00e9jeuner","og_url":"https:\/\/evasionbleue.com\/index.php\/product\/les-cascades-douzoud\/","og_site_name":"evasionbleue.com","article_modified_time":"2024-08-13T23:51:11+00:00","og_image":[{"width":1300,"height":731,"url":"https:\/\/evasionbleue.com\/wp-content\/uploads\/2024\/04\/Untitled-design-18-1300x731.png","type":"image\/png"}],"twitter_card":"summary_large_image","twitter_misc":{"Dur\u00e9e de lecture estim\u00e9e":"1 minute"},"schema":{"@context":"https:\/\/schema.org","@graph":[{"@type":"WebPage","@id":"https:\/\/evasionbleue.com\/index.php\/product\/les-cascades-douzoud\/","url":"https:\/\/evasionbleue.com\/index.php\/product\/les-cascades-douzoud\/","name":"LES CASCADES D'OUZOUD - evasionbleue.com","isPartOf":{"@id":"https:\/\/evasionbleue.com\/#website"},"primaryImageOfPage":{"@id":"https:\/\/evasionbleue.com\/index.php\/product\/les-cascades-douzoud\/#primaryimage"},"image":{"@id":"https:\/\/evasionbleue.com\/index.php\/product\/les-cascades-douzoud\/#primaryimage"},"thumbnailUrl":"https:\/\/evasionbleue.com\/wp-content\/uploads\/2024\/04\/Untitled-design-18.png","datePublished":"2024-04-10T01:55:15+00:00","dateModified":"2024-08-13T23:51:11+00:00","breadcrumb":{"@id":"https:\/\/evasionbleue.com\/index.php\/product\/les-cascades-douzoud\/#breadcrumb"},"inLanguage":"fr-FR","potentialAction":[{"@type":"ReadAction","target":["https:\/\/evasionbleue.com\/index.php\/product\/les-cascades-douzoud\/"]}]},{"@type":"ImageObject","inLanguage":"fr-FR","@id":"https:\/\/evasionbleue.com\/index.php\/product\/les-cascades-douzoud\/#primaryimage","url":"https:\/\/evasionbleue.com\/wp-content\/uploads\/2024\/04\/Untitled-design-18.png","contentUrl":"https:\/\/evasionbleue.com\/wp-content\/uploads\/2024\/04\/Untitled-design-18.png","width":1920,"height":1080},{"@type":"BreadcrumbList","@id":"https:\/\/evasionbleue.com\/index.php\/product\/les-cascades-douzoud\/#breadcrumb","itemListElement":[{"@type":"ListItem","position":1,"name":"Accueil","item":"https:\/\/evasionbleue.com\/"},{"@type":"ListItem","position":2,"name":"Shop","item":"https:\/\/evasionbleue.com\/index.php\/shop\/"},{"@type":"ListItem","position":3,"name":"LES CASCADES D&rsquo;OUZOUD"}]},{"@type":"WebSite","@id":"https:\/\/evasionbleue.com\/#website","url":"https:\/\/evasionbleue.com\/","name":"evasionbleue.com","description":"evasionbleue agence de voyage","potentialAction":[{"@type":"SearchAction","target":{"@type":"EntryPoint","urlTemplate":"https:\/\/evasionbleue.com\/?s={search_term_string}"},"query-input":{"@type":"PropertyValueSpecification","valueRequired":true,"valueName":"search_term_string"}}],"inLanguage":"fr-FR"}]}},"_links":{"self":[{"href":"https:\/\/evasionbleue.com\/index.php\/wp-json\/wp\/v2\/product\/10612","targetHints":{"allow":["GET"]}}],"collection":[{"href":"https:\/\/evasionbleue.com\/index.php\/wp-json\/wp\/v2\/product"}],"about":[{"href":"https:\/\/evasionbleue.com\/index.php\/wp-json\/wp\/v2\/types\/product"}],"replies":[{"embeddable":true,"href":"https:\/\/evasionbleue.com\/index.php\/wp-json\/wp\/v2\/comments?post=10612"}],"version-history":[{"count":5,"href":"https:\/\/evasionbleue.com\/index.php\/wp-json\/wp\/v2\/product\/10612\/revisions"}],"predecessor-version":[{"id":14222,"href":"https:\/\/evasionbleue.com\/index.php\/wp-json\/wp\/v2\/product\/10612\/revisions\/14222"}],"wp:featuredmedia":[{"embeddable":true,"href":"https:\/\/evasionbleue.com\/index.php\/wp-json\/wp\/v2\/media\/10615"}],"wp:attachment":[{"href":"https:\/\/evasionbleue.com\/index.php\/wp-json\/wp\/v2\/media?parent=10612"}],"wp:term":[{"taxonomy":"product_brand","embeddable":true,"href":"https:\/\/evasionbleue.com\/index.php\/wp-json\/wp\/v2\/product_brand?post=10612"},{"taxonomy":"product_cat","embeddable":true,"href":"https:\/\/evasionbleue.com\/index.php\/wp-json\/wp\/v2\/product_cat?post=10612"},{"taxonomy":"product_tag","embeddable":true,"href":"https:\/\/evasionbleue.com\/index.php\/wp-json\/wp\/v2\/product_tag?post=10612"}],"curies":[{"name":"wp","href":"https:\/\/api.w.org\/{rel}","templated":true}]}}