{"id":12021,"date":"2024-04-28T02:03:25","date_gmt":"2024-04-28T02:03:25","guid":{"rendered":"https:\/\/evasionbleue.com\/?post_type=product&#038;p=12021"},"modified":"2024-04-28T18:54:57","modified_gmt":"2024-04-28T18:54:57","slug":"visite-guidee-en-bus-dune-journee-complete-vers-le-mont-teide-et-les-villes-dicod-garachico-masca","status":"publish","type":"product","link":"https:\/\/evasionbleue.com\/index.php\/product\/visite-guidee-en-bus-dune-journee-complete-vers-le-mont-teide-et-les-villes-dicod-garachico-masca\/","title":{"rendered":"Visite guid\u00e9e en bus"},"content":{"rendered":"","protected":false},"excerpt":{"rendered":"<h1 class=\"title__2N8V title2__27Jn\" lang=\"fr-x-mtfrom-en\" data-automation=\"product-title\">Visite guid\u00e9e en bus d&rsquo;une journ\u00e9e compl\u00e8te vers le mont Teide et les villes d&rsquo;Icod, Garachico, Masca<\/h1>\n<p>Plongez dans le c\u00f4t\u00e9 le plus authentique de Tenerife. Au cours de cette visite, vous d\u00e9couvrirez un m\u00e9lange unique de paysages naturels, de villes rurales, d&rsquo;arbres exotiques et de cha\u00eenes de montagnes volcaniques. Vous aurez la chance de vous \u00e9loigner de la ru\u00e9e du monde moderne. Profitez d&rsquo;un sentiment de tranquillit\u00e9 qui semble provenir d&rsquo;un pass\u00e9 lointain. Un pass\u00e9 lointain auquel appartient le puissant dragonnier mill\u00e9naire d&rsquo;Icod, le Los Vinos<\/p>\n<p>&nbsp;<iframe src=\"https:\/\/www.google.com\/maps\/embed?pb=!1m18!1m12!1m3!1d14055.429983997054!2d-16.652807745924687!3d28.272337563810087!2m3!1f0!2f0!3f0!3m2!1i1024!2i768!4f13.1!3m3!1m2!1s0xc6a841219a46745%3A0x8da5b0b3d4897f14!2sTeide!5e0!3m2!1sfr!2sma!4v1714330469301!5m2!1sfr!2sma\" width=\"600\" height=\"450\" style=\"border:0;\" allowfullscreen=\"\" loading=\"lazy\" referrerpolicy=\"no-referrer-when-downgrade\"><\/iframe><\/p>\n","protected":false},"featured_media":12023,"comment_status":"open","ping_status":"closed","template":"","meta":[],"product_brand":[],"product_cat":[109],"product_tag":[],"class_list":{"0":"post-12021","1":"product","2":"type-product","3":"status-publish","4":"has-post-thumbnail","6":"product_cat-excursions-tenerife","8":"first","9":"instock","10":"shipping-taxable","11":"purchasable","12":"product-type-simple"},"yoast_head":"<!-- This site is optimized with the Yoast SEO plugin v25.3.1 - https:\/\/yoast.com\/wordpress\/plugins\/seo\/ -->\n<title>Visite guid\u00e9e en bus - evasionbleue.com<\/title>\n<meta name=\"robots\" content=\"index, follow, max-snippet:-1, max-image-preview:large, max-video-preview:-1\" \/>\n<link rel=\"canonical\" href=\"https:\/\/evasionbleue.com\/index.php\/product\/visite-guidee-en-bus-dune-journee-complete-vers-le-mont-teide-et-les-villes-dicod-garachico-masca\/\" \/>\n<meta property=\"og:locale\" content=\"fr_FR\" \/>\n<meta property=\"og:type\" content=\"article\" \/>\n<meta property=\"og:title\" content=\"Visite guid\u00e9e en bus - evasionbleue.com\" \/>\n<meta property=\"og:description\" content=\"Visite guid\u00e9e en bus d&#039;une journ\u00e9e compl\u00e8te vers le mont Teide et les villes d&#039;Icod, Garachico, Masca Plongez dans le c\u00f4t\u00e9 le plus authentique de Tenerife. Au cours de cette visite, vous d\u00e9couvrirez un m\u00e9lange unique de paysages naturels, de villes rurales, d&#039;arbres exotiques et de cha\u00eenes de montagnes volcaniques. Vous aurez la chance de vous \u00e9loigner de la ru\u00e9e du monde moderne. Profitez d&#039;un sentiment de tranquillit\u00e9 qui semble provenir d&#039;un pass\u00e9 lointain. Un pass\u00e9 lointain auquel appartient le puissant dragonnier mill\u00e9naire d&#039;Icod, le Los Vinos  &nbsp;\" \/>\n<meta property=\"og:url\" content=\"https:\/\/evasionbleue.com\/index.php\/product\/visite-guidee-en-bus-dune-journee-complete-vers-le-mont-teide-et-les-villes-dicod-garachico-masca\/\" \/>\n<meta property=\"og:site_name\" content=\"evasionbleue.com\" \/>\n<meta property=\"article:modified_time\" content=\"2024-04-28T18:54:57+00:00\" \/>\n<meta property=\"og:image\" content=\"https:\/\/evasionbleue.com\/wp-content\/uploads\/2024\/04\/36.jpg\" \/>\n\t<meta property=\"og:image:width\" content=\"669\" \/>\n\t<meta property=\"og:image:height\" content=\"446\" \/>\n\t<meta property=\"og:image:type\" content=\"image\/jpeg\" \/>\n<meta name=\"twitter:card\" content=\"summary_large_image\" \/>\n<script type=\"application\/ld+json\" class=\"yoast-schema-graph\">{\"@context\":\"https:\/\/schema.org\",\"@graph\":[{\"@type\":\"WebPage\",\"@id\":\"https:\/\/evasionbleue.com\/index.php\/product\/visite-guidee-en-bus-dune-journee-complete-vers-le-mont-teide-et-les-villes-dicod-garachico-masca\/\",\"url\":\"https:\/\/evasionbleue.com\/index.php\/product\/visite-guidee-en-bus-dune-journee-complete-vers-le-mont-teide-et-les-villes-dicod-garachico-masca\/\",\"name\":\"Visite guid\u00e9e en bus - evasionbleue.com\",\"isPartOf\":{\"@id\":\"https:\/\/evasionbleue.com\/#website\"},\"primaryImageOfPage\":{\"@id\":\"https:\/\/evasionbleue.com\/index.php\/product\/visite-guidee-en-bus-dune-journee-complete-vers-le-mont-teide-et-les-villes-dicod-garachico-masca\/#primaryimage\"},\"image\":{\"@id\":\"https:\/\/evasionbleue.com\/index.php\/product\/visite-guidee-en-bus-dune-journee-complete-vers-le-mont-teide-et-les-villes-dicod-garachico-masca\/#primaryimage\"},\"thumbnailUrl\":\"https:\/\/evasionbleue.com\/wp-content\/uploads\/2024\/04\/36.jpg\",\"datePublished\":\"2024-04-28T02:03:25+00:00\",\"dateModified\":\"2024-04-28T18:54:57+00:00\",\"breadcrumb\":{\"@id\":\"https:\/\/evasionbleue.com\/index.php\/product\/visite-guidee-en-bus-dune-journee-complete-vers-le-mont-teide-et-les-villes-dicod-garachico-masca\/#breadcrumb\"},\"inLanguage\":\"fr-FR\",\"potentialAction\":[{\"@type\":\"ReadAction\",\"target\":[\"https:\/\/evasionbleue.com\/index.php\/product\/visite-guidee-en-bus-dune-journee-complete-vers-le-mont-teide-et-les-villes-dicod-garachico-masca\/\"]}]},{\"@type\":\"ImageObject\",\"inLanguage\":\"fr-FR\",\"@id\":\"https:\/\/evasionbleue.com\/index.php\/product\/visite-guidee-en-bus-dune-journee-complete-vers-le-mont-teide-et-les-villes-dicod-garachico-masca\/#primaryimage\",\"url\":\"https:\/\/evasionbleue.com\/wp-content\/uploads\/2024\/04\/36.jpg\",\"contentUrl\":\"https:\/\/evasionbleue.com\/wp-content\/uploads\/2024\/04\/36.jpg\",\"width\":669,\"height\":446},{\"@type\":\"BreadcrumbList\",\"@id\":\"https:\/\/evasionbleue.com\/index.php\/product\/visite-guidee-en-bus-dune-journee-complete-vers-le-mont-teide-et-les-villes-dicod-garachico-masca\/#breadcrumb\",\"itemListElement\":[{\"@type\":\"ListItem\",\"position\":1,\"name\":\"Accueil\",\"item\":\"https:\/\/evasionbleue.com\/\"},{\"@type\":\"ListItem\",\"position\":2,\"name\":\"Shop\",\"item\":\"https:\/\/evasionbleue.com\/index.php\/shop\/\"},{\"@type\":\"ListItem\",\"position\":3,\"name\":\"Visite guid\u00e9e en bus\"}]},{\"@type\":\"WebSite\",\"@id\":\"https:\/\/evasionbleue.com\/#website\",\"url\":\"https:\/\/evasionbleue.com\/\",\"name\":\"evasionbleue.com\",\"description\":\"evasionbleue agence de voyage\",\"potentialAction\":[{\"@type\":\"SearchAction\",\"target\":{\"@type\":\"EntryPoint\",\"urlTemplate\":\"https:\/\/evasionbleue.com\/?s={search_term_string}\"},\"query-input\":{\"@type\":\"PropertyValueSpecification\",\"valueRequired\":true,\"valueName\":\"search_term_string\"}}],\"inLanguage\":\"fr-FR\"}]}<\/script>\n<!-- \/ Yoast SEO plugin. -->","yoast_head_json":{"title":"Visite guid\u00e9e en bus - evasionbleue.com","robots":{"index":"index","follow":"follow","max-snippet":"max-snippet:-1","max-image-preview":"max-image-preview:large","max-video-preview":"max-video-preview:-1"},"canonical":"https:\/\/evasionbleue.com\/index.php\/product\/visite-guidee-en-bus-dune-journee-complete-vers-le-mont-teide-et-les-villes-dicod-garachico-masca\/","og_locale":"fr_FR","og_type":"article","og_title":"Visite guid\u00e9e en bus - evasionbleue.com","og_description":"Visite guid\u00e9e en bus d'une journ\u00e9e compl\u00e8te vers le mont Teide et les villes d'Icod, Garachico, Masca Plongez dans le c\u00f4t\u00e9 le plus authentique de Tenerife. Au cours de cette visite, vous d\u00e9couvrirez un m\u00e9lange unique de paysages naturels, de villes rurales, d'arbres exotiques et de cha\u00eenes de montagnes volcaniques. Vous aurez la chance de vous \u00e9loigner de la ru\u00e9e du monde moderne. Profitez d'un sentiment de tranquillit\u00e9 qui semble provenir d'un pass\u00e9 lointain. Un pass\u00e9 lointain auquel appartient le puissant dragonnier mill\u00e9naire d'Icod, le Los Vinos  &nbsp;","og_url":"https:\/\/evasionbleue.com\/index.php\/product\/visite-guidee-en-bus-dune-journee-complete-vers-le-mont-teide-et-les-villes-dicod-garachico-masca\/","og_site_name":"evasionbleue.com","article_modified_time":"2024-04-28T18:54:57+00:00","og_image":[{"width":669,"height":446,"url":"https:\/\/evasionbleue.com\/wp-content\/uploads\/2024\/04\/36.jpg","type":"image\/jpeg"}],"twitter_card":"summary_large_image","schema":{"@context":"https:\/\/schema.org","@graph":[{"@type":"WebPage","@id":"https:\/\/evasionbleue.com\/index.php\/product\/visite-guidee-en-bus-dune-journee-complete-vers-le-mont-teide-et-les-villes-dicod-garachico-masca\/","url":"https:\/\/evasionbleue.com\/index.php\/product\/visite-guidee-en-bus-dune-journee-complete-vers-le-mont-teide-et-les-villes-dicod-garachico-masca\/","name":"Visite guid\u00e9e en bus - evasionbleue.com","isPartOf":{"@id":"https:\/\/evasionbleue.com\/#website"},"primaryImageOfPage":{"@id":"https:\/\/evasionbleue.com\/index.php\/product\/visite-guidee-en-bus-dune-journee-complete-vers-le-mont-teide-et-les-villes-dicod-garachico-masca\/#primaryimage"},"image":{"@id":"https:\/\/evasionbleue.com\/index.php\/product\/visite-guidee-en-bus-dune-journee-complete-vers-le-mont-teide-et-les-villes-dicod-garachico-masca\/#primaryimage"},"thumbnailUrl":"https:\/\/evasionbleue.com\/wp-content\/uploads\/2024\/04\/36.jpg","datePublished":"2024-04-28T02:03:25+00:00","dateModified":"2024-04-28T18:54:57+00:00","breadcrumb":{"@id":"https:\/\/evasionbleue.com\/index.php\/product\/visite-guidee-en-bus-dune-journee-complete-vers-le-mont-teide-et-les-villes-dicod-garachico-masca\/#breadcrumb"},"inLanguage":"fr-FR","potentialAction":[{"@type":"ReadAction","target":["https:\/\/evasionbleue.com\/index.php\/product\/visite-guidee-en-bus-dune-journee-complete-vers-le-mont-teide-et-les-villes-dicod-garachico-masca\/"]}]},{"@type":"ImageObject","inLanguage":"fr-FR","@id":"https:\/\/evasionbleue.com\/index.php\/product\/visite-guidee-en-bus-dune-journee-complete-vers-le-mont-teide-et-les-villes-dicod-garachico-masca\/#primaryimage","url":"https:\/\/evasionbleue.com\/wp-content\/uploads\/2024\/04\/36.jpg","contentUrl":"https:\/\/evasionbleue.com\/wp-content\/uploads\/2024\/04\/36.jpg","width":669,"height":446},{"@type":"BreadcrumbList","@id":"https:\/\/evasionbleue.com\/index.php\/product\/visite-guidee-en-bus-dune-journee-complete-vers-le-mont-teide-et-les-villes-dicod-garachico-masca\/#breadcrumb","itemListElement":[{"@type":"ListItem","position":1,"name":"Accueil","item":"https:\/\/evasionbleue.com\/"},{"@type":"ListItem","position":2,"name":"Shop","item":"https:\/\/evasionbleue.com\/index.php\/shop\/"},{"@type":"ListItem","position":3,"name":"Visite guid\u00e9e en bus"}]},{"@type":"WebSite","@id":"https:\/\/evasionbleue.com\/#website","url":"https:\/\/evasionbleue.com\/","name":"evasionbleue.com","description":"evasionbleue agence de voyage","potentialAction":[{"@type":"SearchAction","target":{"@type":"EntryPoint","urlTemplate":"https:\/\/evasionbleue.com\/?s={search_term_string}"},"query-input":{"@type":"PropertyValueSpecification","valueRequired":true,"valueName":"search_term_string"}}],"inLanguage":"fr-FR"}]}},"_links":{"self":[{"href":"https:\/\/evasionbleue.com\/index.php\/wp-json\/wp\/v2\/product\/12021","targetHints":{"allow":["GET"]}}],"collection":[{"href":"https:\/\/evasionbleue.com\/index.php\/wp-json\/wp\/v2\/product"}],"about":[{"href":"https:\/\/evasionbleue.com\/index.php\/wp-json\/wp\/v2\/types\/product"}],"replies":[{"embeddable":true,"href":"https:\/\/evasionbleue.com\/index.php\/wp-json\/wp\/v2\/comments?post=12021"}],"version-history":[{"count":6,"href":"https:\/\/evasionbleue.com\/index.php\/wp-json\/wp\/v2\/product\/12021\/revisions"}],"predecessor-version":[{"id":12059,"href":"https:\/\/evasionbleue.com\/index.php\/wp-json\/wp\/v2\/product\/12021\/revisions\/12059"}],"wp:featuredmedia":[{"embeddable":true,"href":"https:\/\/evasionbleue.com\/index.php\/wp-json\/wp\/v2\/media\/12023"}],"wp:attachment":[{"href":"https:\/\/evasionbleue.com\/index.php\/wp-json\/wp\/v2\/media?parent=12021"}],"wp:term":[{"taxonomy":"product_brand","embeddable":true,"href":"https:\/\/evasionbleue.com\/index.php\/wp-json\/wp\/v2\/product_brand?post=12021"},{"taxonomy":"product_cat","embeddable":true,"href":"https:\/\/evasionbleue.com\/index.php\/wp-json\/wp\/v2\/product_cat?post=12021"},{"taxonomy":"product_tag","embeddable":true,"href":"https:\/\/evasionbleue.com\/index.php\/wp-json\/wp\/v2\/product_tag?post=12021"}],"curies":[{"name":"wp","href":"https:\/\/api.w.org\/{rel}","templated":true}]}}