{"id":12060,"date":"2024-04-28T19:04:16","date_gmt":"2024-04-28T19:04:16","guid":{"rendered":"https:\/\/evasionbleue.com\/?post_type=product&#038;p=12060"},"modified":"2024-04-28T19:06:48","modified_gmt":"2024-04-28T19:06:48","slug":"tenerife-visite-dune-journee-complete-du-parc-national","status":"publish","type":"product","link":"https:\/\/evasionbleue.com\/index.php\/product\/tenerife-visite-dune-journee-complete-du-parc-national\/","title":{"rendered":"Tenerife : Visite d&rsquo;une journ\u00e9e compl\u00e8te du Parc national"},"content":{"rendered":"","protected":false},"excerpt":{"rendered":"<p>Tenerife : Visite d&rsquo;une journ\u00e9e compl\u00e8te du Parc national du Teide avec prise en charge<\/p>\n<p>Explorez la g\u00e9ographie et la g\u00e9ologie diverses de Tenerife lors d&rsquo;une visite d&rsquo;une journ\u00e9e compl\u00e8te de 4 paysages distincts autour du plus haut sommet de l&rsquo;\u00eele.<\/p>\n<p>Apr\u00e8s avoir \u00e9t\u00e9 pris en charge \u00e0 votre h\u00f4tel, transfert vers le site du patrimoine national du mont Teide et du parc national du Teide. Profitez de vues \u00e0 couper le souffle sur la c\u00f4te ouest de l&rsquo;\u00eele. Traversez des villages locaux, comme Vilaflor, et admirez de magnifiques for\u00eats de pins avant de vous rendre sur le plateau du volcan.<\/p>\n<p>\u00c9merveillez-vous devant le paysage lunaire qui a servi de lieu de tournage pour des films tels que \u00ab\u00a0La Plan\u00e8te des singes\u00a0\u00bb et \u00ab\u00a0Le Choc des Titans\u00a0\u00bb. Traversez la vall\u00e9e de l&rsquo;Orotava jusqu&rsquo;\u00e0 Icod Los Vinos, c\u00e9l\u00e8bre pour ses vins. D\u00e9couvrez le l\u00e9gendaire dragonnier, connu pour ses pouvoirs mystiques. Faites une pause pour un d\u00e9jeuner canarien (\u00e0 vos frais), avant de vous rendre \u00e0 Garachico, une ville locale d\u00e9truite par l&rsquo;\u00e9ruption volcanique de 1706.<\/p>\n<p>Ensuite, vivez la magie de Masca et profitez de vues fabuleuses sur La Gomera. Avec seulement environ 120 habitants, Masca \u00e9tait le repaire traditionnel des pirates et de leur contrebande vol\u00e9e aux navires de La Gomera. Passez devant les falaises g\u00e9antes des Gigantes avant de retourner \u00e0 votre h\u00f4tel.<\/p>\n<p><iframe src=\"https:\/\/www.google.com\/maps\/embed?pb=!1m18!1m12!1m3!1d3514.4661569398127!2d-16.620843124610825!3d28.253878675873736!2m3!1f0!2f0!3f0!3m2!1i1024!2i768!4f13.1!3m3!1m2!1s0xc6a8398062de729%3A0x67633a63c20a292d!2sParc%20national%20du%20Teide!5e0!3m2!1sfr!2sma!4v1714331018098!5m2!1sfr!2sma\" width=\"600\" height=\"450\" style=\"border:0;\" allowfullscreen=\"\" loading=\"lazy\" referrerpolicy=\"no-referrer-when-downgrade\"><\/iframe><\/p>\n","protected":false},"featured_media":12064,"comment_status":"open","ping_status":"closed","template":"","meta":[],"product_brand":[],"product_cat":[109],"product_tag":[],"class_list":{"0":"post-12060","1":"product","2":"type-product","3":"status-publish","4":"has-post-thumbnail","6":"product_cat-excursions-tenerife","8":"first","9":"instock","10":"shipping-taxable","11":"purchasable","12":"product-type-simple"},"yoast_head":"<!-- This site is optimized with the Yoast SEO plugin v25.3.1 - https:\/\/yoast.com\/wordpress\/plugins\/seo\/ -->\n<title>Tenerife : Visite d&#039;une journ\u00e9e compl\u00e8te du Parc national - evasionbleue.com<\/title>\n<meta name=\"robots\" content=\"index, follow, max-snippet:-1, max-image-preview:large, max-video-preview:-1\" \/>\n<link rel=\"canonical\" href=\"https:\/\/evasionbleue.com\/index.php\/product\/tenerife-visite-dune-journee-complete-du-parc-national\/\" \/>\n<meta property=\"og:locale\" content=\"fr_FR\" \/>\n<meta property=\"og:type\" content=\"article\" \/>\n<meta property=\"og:title\" content=\"Tenerife : Visite d&#039;une journ\u00e9e compl\u00e8te du Parc national - evasionbleue.com\" \/>\n<meta property=\"og:description\" content=\"Tenerife : Visite d&#039;une journ\u00e9e compl\u00e8te du Parc national du Teide avec prise en charge  Explorez la g\u00e9ographie et la g\u00e9ologie diverses de Tenerife lors d&#039;une visite d&#039;une journ\u00e9e compl\u00e8te de 4 paysages distincts autour du plus haut sommet de l&#039;\u00eele.  Apr\u00e8s avoir \u00e9t\u00e9 pris en charge \u00e0 votre h\u00f4tel, transfert vers le site du patrimoine national du mont Teide et du parc national du Teide. Profitez de vues \u00e0 couper le souffle sur la c\u00f4te ouest de l&#039;\u00eele. Traversez des villages locaux, comme Vilaflor, et admirez de magnifiques for\u00eats de pins avant de vous rendre sur le plateau du volcan.  \u00c9merveillez-vous devant le paysage lunaire qui a servi de lieu de tournage pour des films tels que &quot;La Plan\u00e8te des singes&quot; et &quot;Le Choc des Titans&quot;. Traversez la vall\u00e9e de l&#039;Orotava jusqu&#039;\u00e0 Icod Los Vinos, c\u00e9l\u00e8bre pour ses vins. D\u00e9couvrez le l\u00e9gendaire dragonnier, connu pour ses pouvoirs mystiques. Faites une pause pour un d\u00e9jeuner canarien (\u00e0 vos frais), avant de vous rendre \u00e0 Garachico, une ville locale d\u00e9truite par l&#039;\u00e9ruption volcanique de 1706.  Ensuite, vivez la magie de Masca et profitez de vues fabuleuses sur La Gomera. Avec seulement environ 120 habitants, Masca \u00e9tait le repaire traditionnel des pirates et de leur contrebande vol\u00e9e aux navires de La Gomera. Passez devant les falaises g\u00e9antes des Gigantes avant de retourner \u00e0 votre h\u00f4tel.\" \/>\n<meta property=\"og:url\" content=\"https:\/\/evasionbleue.com\/index.php\/product\/tenerife-visite-dune-journee-complete-du-parc-national\/\" \/>\n<meta property=\"og:site_name\" content=\"evasionbleue.com\" \/>\n<meta property=\"article:modified_time\" content=\"2024-04-28T19:06:48+00:00\" \/>\n<meta property=\"og:image\" content=\"https:\/\/evasionbleue.com\/wp-content\/uploads\/2024\/04\/145.jpg\" \/>\n\t<meta property=\"og:image:width\" content=\"960\" \/>\n\t<meta property=\"og:image:height\" content=\"637\" \/>\n\t<meta property=\"og:image:type\" content=\"image\/jpeg\" \/>\n<meta name=\"twitter:card\" content=\"summary_large_image\" \/>\n<script type=\"application\/ld+json\" class=\"yoast-schema-graph\">{\"@context\":\"https:\/\/schema.org\",\"@graph\":[{\"@type\":\"WebPage\",\"@id\":\"https:\/\/evasionbleue.com\/index.php\/product\/tenerife-visite-dune-journee-complete-du-parc-national\/\",\"url\":\"https:\/\/evasionbleue.com\/index.php\/product\/tenerife-visite-dune-journee-complete-du-parc-national\/\",\"name\":\"Tenerife : Visite d'une journ\u00e9e compl\u00e8te du Parc national - evasionbleue.com\",\"isPartOf\":{\"@id\":\"https:\/\/evasionbleue.com\/#website\"},\"primaryImageOfPage\":{\"@id\":\"https:\/\/evasionbleue.com\/index.php\/product\/tenerife-visite-dune-journee-complete-du-parc-national\/#primaryimage\"},\"image\":{\"@id\":\"https:\/\/evasionbleue.com\/index.php\/product\/tenerife-visite-dune-journee-complete-du-parc-national\/#primaryimage\"},\"thumbnailUrl\":\"https:\/\/evasionbleue.com\/wp-content\/uploads\/2024\/04\/145.jpg\",\"datePublished\":\"2024-04-28T19:04:16+00:00\",\"dateModified\":\"2024-04-28T19:06:48+00:00\",\"breadcrumb\":{\"@id\":\"https:\/\/evasionbleue.com\/index.php\/product\/tenerife-visite-dune-journee-complete-du-parc-national\/#breadcrumb\"},\"inLanguage\":\"fr-FR\",\"potentialAction\":[{\"@type\":\"ReadAction\",\"target\":[\"https:\/\/evasionbleue.com\/index.php\/product\/tenerife-visite-dune-journee-complete-du-parc-national\/\"]}]},{\"@type\":\"ImageObject\",\"inLanguage\":\"fr-FR\",\"@id\":\"https:\/\/evasionbleue.com\/index.php\/product\/tenerife-visite-dune-journee-complete-du-parc-national\/#primaryimage\",\"url\":\"https:\/\/evasionbleue.com\/wp-content\/uploads\/2024\/04\/145.jpg\",\"contentUrl\":\"https:\/\/evasionbleue.com\/wp-content\/uploads\/2024\/04\/145.jpg\",\"width\":960,\"height\":637},{\"@type\":\"BreadcrumbList\",\"@id\":\"https:\/\/evasionbleue.com\/index.php\/product\/tenerife-visite-dune-journee-complete-du-parc-national\/#breadcrumb\",\"itemListElement\":[{\"@type\":\"ListItem\",\"position\":1,\"name\":\"Accueil\",\"item\":\"https:\/\/evasionbleue.com\/\"},{\"@type\":\"ListItem\",\"position\":2,\"name\":\"Shop\",\"item\":\"https:\/\/evasionbleue.com\/index.php\/shop\/\"},{\"@type\":\"ListItem\",\"position\":3,\"name\":\"Tenerife : Visite d&#8217;une journ\u00e9e compl\u00e8te du Parc national\"}]},{\"@type\":\"WebSite\",\"@id\":\"https:\/\/evasionbleue.com\/#website\",\"url\":\"https:\/\/evasionbleue.com\/\",\"name\":\"evasionbleue.com\",\"description\":\"evasionbleue agence de voyage\",\"potentialAction\":[{\"@type\":\"SearchAction\",\"target\":{\"@type\":\"EntryPoint\",\"urlTemplate\":\"https:\/\/evasionbleue.com\/?s={search_term_string}\"},\"query-input\":{\"@type\":\"PropertyValueSpecification\",\"valueRequired\":true,\"valueName\":\"search_term_string\"}}],\"inLanguage\":\"fr-FR\"}]}<\/script>\n<!-- \/ Yoast SEO plugin. -->","yoast_head_json":{"title":"Tenerife : Visite d'une journ\u00e9e compl\u00e8te du Parc national - evasionbleue.com","robots":{"index":"index","follow":"follow","max-snippet":"max-snippet:-1","max-image-preview":"max-image-preview:large","max-video-preview":"max-video-preview:-1"},"canonical":"https:\/\/evasionbleue.com\/index.php\/product\/tenerife-visite-dune-journee-complete-du-parc-national\/","og_locale":"fr_FR","og_type":"article","og_title":"Tenerife : Visite d'une journ\u00e9e compl\u00e8te du Parc national - evasionbleue.com","og_description":"Tenerife : Visite d'une journ\u00e9e compl\u00e8te du Parc national du Teide avec prise en charge  Explorez la g\u00e9ographie et la g\u00e9ologie diverses de Tenerife lors d'une visite d'une journ\u00e9e compl\u00e8te de 4 paysages distincts autour du plus haut sommet de l'\u00eele.  Apr\u00e8s avoir \u00e9t\u00e9 pris en charge \u00e0 votre h\u00f4tel, transfert vers le site du patrimoine national du mont Teide et du parc national du Teide. Profitez de vues \u00e0 couper le souffle sur la c\u00f4te ouest de l'\u00eele. Traversez des villages locaux, comme Vilaflor, et admirez de magnifiques for\u00eats de pins avant de vous rendre sur le plateau du volcan.  \u00c9merveillez-vous devant le paysage lunaire qui a servi de lieu de tournage pour des films tels que \"La Plan\u00e8te des singes\" et \"Le Choc des Titans\". Traversez la vall\u00e9e de l'Orotava jusqu'\u00e0 Icod Los Vinos, c\u00e9l\u00e8bre pour ses vins. D\u00e9couvrez le l\u00e9gendaire dragonnier, connu pour ses pouvoirs mystiques. Faites une pause pour un d\u00e9jeuner canarien (\u00e0 vos frais), avant de vous rendre \u00e0 Garachico, une ville locale d\u00e9truite par l'\u00e9ruption volcanique de 1706.  Ensuite, vivez la magie de Masca et profitez de vues fabuleuses sur La Gomera. Avec seulement environ 120 habitants, Masca \u00e9tait le repaire traditionnel des pirates et de leur contrebande vol\u00e9e aux navires de La Gomera. Passez devant les falaises g\u00e9antes des Gigantes avant de retourner \u00e0 votre h\u00f4tel.","og_url":"https:\/\/evasionbleue.com\/index.php\/product\/tenerife-visite-dune-journee-complete-du-parc-national\/","og_site_name":"evasionbleue.com","article_modified_time":"2024-04-28T19:06:48+00:00","og_image":[{"width":960,"height":637,"url":"https:\/\/evasionbleue.com\/wp-content\/uploads\/2024\/04\/145.jpg","type":"image\/jpeg"}],"twitter_card":"summary_large_image","schema":{"@context":"https:\/\/schema.org","@graph":[{"@type":"WebPage","@id":"https:\/\/evasionbleue.com\/index.php\/product\/tenerife-visite-dune-journee-complete-du-parc-national\/","url":"https:\/\/evasionbleue.com\/index.php\/product\/tenerife-visite-dune-journee-complete-du-parc-national\/","name":"Tenerife : Visite d'une journ\u00e9e compl\u00e8te du Parc national - evasionbleue.com","isPartOf":{"@id":"https:\/\/evasionbleue.com\/#website"},"primaryImageOfPage":{"@id":"https:\/\/evasionbleue.com\/index.php\/product\/tenerife-visite-dune-journee-complete-du-parc-national\/#primaryimage"},"image":{"@id":"https:\/\/evasionbleue.com\/index.php\/product\/tenerife-visite-dune-journee-complete-du-parc-national\/#primaryimage"},"thumbnailUrl":"https:\/\/evasionbleue.com\/wp-content\/uploads\/2024\/04\/145.jpg","datePublished":"2024-04-28T19:04:16+00:00","dateModified":"2024-04-28T19:06:48+00:00","breadcrumb":{"@id":"https:\/\/evasionbleue.com\/index.php\/product\/tenerife-visite-dune-journee-complete-du-parc-national\/#breadcrumb"},"inLanguage":"fr-FR","potentialAction":[{"@type":"ReadAction","target":["https:\/\/evasionbleue.com\/index.php\/product\/tenerife-visite-dune-journee-complete-du-parc-national\/"]}]},{"@type":"ImageObject","inLanguage":"fr-FR","@id":"https:\/\/evasionbleue.com\/index.php\/product\/tenerife-visite-dune-journee-complete-du-parc-national\/#primaryimage","url":"https:\/\/evasionbleue.com\/wp-content\/uploads\/2024\/04\/145.jpg","contentUrl":"https:\/\/evasionbleue.com\/wp-content\/uploads\/2024\/04\/145.jpg","width":960,"height":637},{"@type":"BreadcrumbList","@id":"https:\/\/evasionbleue.com\/index.php\/product\/tenerife-visite-dune-journee-complete-du-parc-national\/#breadcrumb","itemListElement":[{"@type":"ListItem","position":1,"name":"Accueil","item":"https:\/\/evasionbleue.com\/"},{"@type":"ListItem","position":2,"name":"Shop","item":"https:\/\/evasionbleue.com\/index.php\/shop\/"},{"@type":"ListItem","position":3,"name":"Tenerife : Visite d&#8217;une journ\u00e9e compl\u00e8te du Parc national"}]},{"@type":"WebSite","@id":"https:\/\/evasionbleue.com\/#website","url":"https:\/\/evasionbleue.com\/","name":"evasionbleue.com","description":"evasionbleue agence de voyage","potentialAction":[{"@type":"SearchAction","target":{"@type":"EntryPoint","urlTemplate":"https:\/\/evasionbleue.com\/?s={search_term_string}"},"query-input":{"@type":"PropertyValueSpecification","valueRequired":true,"valueName":"search_term_string"}}],"inLanguage":"fr-FR"}]}},"_links":{"self":[{"href":"https:\/\/evasionbleue.com\/index.php\/wp-json\/wp\/v2\/product\/12060","targetHints":{"allow":["GET"]}}],"collection":[{"href":"https:\/\/evasionbleue.com\/index.php\/wp-json\/wp\/v2\/product"}],"about":[{"href":"https:\/\/evasionbleue.com\/index.php\/wp-json\/wp\/v2\/types\/product"}],"replies":[{"embeddable":true,"href":"https:\/\/evasionbleue.com\/index.php\/wp-json\/wp\/v2\/comments?post=12060"}],"version-history":[{"count":2,"href":"https:\/\/evasionbleue.com\/index.php\/wp-json\/wp\/v2\/product\/12060\/revisions"}],"predecessor-version":[{"id":12068,"href":"https:\/\/evasionbleue.com\/index.php\/wp-json\/wp\/v2\/product\/12060\/revisions\/12068"}],"wp:featuredmedia":[{"embeddable":true,"href":"https:\/\/evasionbleue.com\/index.php\/wp-json\/wp\/v2\/media\/12064"}],"wp:attachment":[{"href":"https:\/\/evasionbleue.com\/index.php\/wp-json\/wp\/v2\/media?parent=12060"}],"wp:term":[{"taxonomy":"product_brand","embeddable":true,"href":"https:\/\/evasionbleue.com\/index.php\/wp-json\/wp\/v2\/product_brand?post=12060"},{"taxonomy":"product_cat","embeddable":true,"href":"https:\/\/evasionbleue.com\/index.php\/wp-json\/wp\/v2\/product_cat?post=12060"},{"taxonomy":"product_tag","embeddable":true,"href":"https:\/\/evasionbleue.com\/index.php\/wp-json\/wp\/v2\/product_tag?post=12060"}],"curies":[{"name":"wp","href":"https:\/\/api.w.org\/{rel}","templated":true}]}}