{"id":12106,"date":"2024-04-28T20:46:44","date_gmt":"2024-04-28T20:46:44","guid":{"rendered":"https:\/\/evasionbleue.com\/?post_type=product&#038;p=12106"},"modified":"2024-04-28T20:46:44","modified_gmt":"2024-04-28T20:46:44","slug":"spectacle-medieval-du-castillo-san-miguel-avec-diner","status":"publish","type":"product","link":"https:\/\/evasionbleue.com\/index.php\/product\/spectacle-medieval-du-castillo-san-miguel-avec-diner\/","title":{"rendered":"Spectacle m\u00e9di\u00e9val du Castillo San Miguel avec d\u00eener"},"content":{"rendered":"","protected":false},"excerpt":{"rendered":"<p>Notre ch\u00e2teau est situ\u00e9 dans le sud de Tenerife et son infrastructure est con\u00e7ue pour que vous viviez une aventure m\u00e9di\u00e9vale d\u00e8s que vous franchissez ses murs majestueux. Le Castillo San Miguel de Tenerife est une construction de 6 000 m\u00e8tres carr\u00e9s, r\u00e9alis\u00e9e en pierre de canto, typique des \u00eeles Canaries. D\u00e8s que vous entrez dans le ch\u00e2teau, vous vous rendez compte que vous \u00eates dans un monde m\u00e9di\u00e9val authentique. Le comte Don Rodrigo et sa fille la jeune comtesse vous accueilleront et vous souhaiteront la bienvenue dans leur ch\u00e2teau, dont l&rsquo;entr\u00e9e est d\u00e9cor\u00e9e d&rsquo;armures, d&rsquo;\u00e9p\u00e9es, de coffres et d&rsquo;\u00e9crits de l&rsquo;\u00e9poque. Les aimables sujets du comte Don Rodrigo vous accompagneront jusqu&rsquo;\u00e0 la Sala de los Torneos, o\u00f9 un spectacle de combats, de tournois et de jeux m\u00e9di\u00e9vaux se d\u00e9roulera en pr\u00e9sence des comtes. Pendant le tournoi, le banquet sera servi. Le Castillo San Miguel vous propose un menu dont vous pourrez profiter au maximum pendant le banquet, au milieu des joutes. Le menu se compose d&rsquo;une cr\u00e8me de l\u00e9gumes de saison avec des cubes de fromage, d&rsquo;un poulet garrot au four dans son jus avec des pommes de terre au four et des tomates assaisonn\u00e9es, d&rsquo;un g\u00e2teau \u00e0 la cr\u00e8me glac\u00e9e avec du sirop de chocolat. Le vin rouge et blanc, l&rsquo;eau min\u00e9rale et le jus d&rsquo;orange sont inclus pendant le d\u00eener. Si vous souhaitez assister au spectacle au premier rang, choisissez l&rsquo;option VIP. Vous serez \u00e9galement invit\u00e9 \u00e0 boire un verre de cava avec ce billet.<\/p>\n","protected":false},"featured_media":12108,"comment_status":"open","ping_status":"closed","template":"","meta":[],"product_brand":[],"product_cat":[109],"product_tag":[],"class_list":{"0":"post-12106","1":"product","2":"type-product","3":"status-publish","4":"has-post-thumbnail","6":"product_cat-excursions-tenerife","8":"first","9":"instock","10":"shipping-taxable","11":"purchasable","12":"product-type-simple"},"yoast_head":"<!-- This site is optimized with the Yoast SEO plugin v25.3.1 - https:\/\/yoast.com\/wordpress\/plugins\/seo\/ -->\n<title>Spectacle m\u00e9di\u00e9val du Castillo San Miguel avec d\u00eener - evasionbleue.com<\/title>\n<meta name=\"robots\" content=\"index, follow, max-snippet:-1, max-image-preview:large, max-video-preview:-1\" \/>\n<link rel=\"canonical\" href=\"https:\/\/evasionbleue.com\/index.php\/product\/spectacle-medieval-du-castillo-san-miguel-avec-diner\/\" \/>\n<meta property=\"og:locale\" content=\"fr_FR\" \/>\n<meta property=\"og:type\" content=\"article\" \/>\n<meta property=\"og:title\" content=\"Spectacle m\u00e9di\u00e9val du Castillo San Miguel avec d\u00eener - evasionbleue.com\" \/>\n<meta property=\"og:description\" content=\"Notre ch\u00e2teau est situ\u00e9 dans le sud de Tenerife et son infrastructure est con\u00e7ue pour que vous viviez une aventure m\u00e9di\u00e9vale d\u00e8s que vous franchissez ses murs majestueux. Le Castillo San Miguel de Tenerife est une construction de 6 000 m\u00e8tres carr\u00e9s, r\u00e9alis\u00e9e en pierre de canto, typique des \u00eeles Canaries. D\u00e8s que vous entrez dans le ch\u00e2teau, vous vous rendez compte que vous \u00eates dans un monde m\u00e9di\u00e9val authentique. Le comte Don Rodrigo et sa fille la jeune comtesse vous accueilleront et vous souhaiteront la bienvenue dans leur ch\u00e2teau, dont l&#039;entr\u00e9e est d\u00e9cor\u00e9e d&#039;armures, d&#039;\u00e9p\u00e9es, de coffres et d&#039;\u00e9crits de l&#039;\u00e9poque. Les aimables sujets du comte Don Rodrigo vous accompagneront jusqu&#039;\u00e0 la Sala de los Torneos, o\u00f9 un spectacle de combats, de tournois et de jeux m\u00e9di\u00e9vaux se d\u00e9roulera en pr\u00e9sence des comtes. Pendant le tournoi, le banquet sera servi. Le Castillo San Miguel vous propose un menu dont vous pourrez profiter au maximum pendant le banquet, au milieu des joutes. Le menu se compose d&#039;une cr\u00e8me de l\u00e9gumes de saison avec des cubes de fromage, d&#039;un poulet garrot au four dans son jus avec des pommes de terre au four et des tomates assaisonn\u00e9es, d&#039;un g\u00e2teau \u00e0 la cr\u00e8me glac\u00e9e avec du sirop de chocolat. Le vin rouge et blanc, l&#039;eau min\u00e9rale et le jus d&#039;orange sont inclus pendant le d\u00eener. Si vous souhaitez assister au spectacle au premier rang, choisissez l&#039;option VIP. Vous serez \u00e9galement invit\u00e9 \u00e0 boire un verre de cava avec ce billet.\" \/>\n<meta property=\"og:url\" content=\"https:\/\/evasionbleue.com\/index.php\/product\/spectacle-medieval-du-castillo-san-miguel-avec-diner\/\" \/>\n<meta property=\"og:site_name\" content=\"evasionbleue.com\" \/>\n<meta property=\"og:image\" content=\"https:\/\/evasionbleue.com\/wp-content\/uploads\/2024\/04\/145-39.jpg\" \/>\n\t<meta property=\"og:image:width\" content=\"960\" \/>\n\t<meta property=\"og:image:height\" content=\"640\" \/>\n\t<meta property=\"og:image:type\" content=\"image\/jpeg\" \/>\n<meta name=\"twitter:card\" content=\"summary_large_image\" \/>\n<script type=\"application\/ld+json\" class=\"yoast-schema-graph\">{\"@context\":\"https:\/\/schema.org\",\"@graph\":[{\"@type\":\"WebPage\",\"@id\":\"https:\/\/evasionbleue.com\/index.php\/product\/spectacle-medieval-du-castillo-san-miguel-avec-diner\/\",\"url\":\"https:\/\/evasionbleue.com\/index.php\/product\/spectacle-medieval-du-castillo-san-miguel-avec-diner\/\",\"name\":\"Spectacle m\u00e9di\u00e9val du Castillo San Miguel avec d\u00eener - evasionbleue.com\",\"isPartOf\":{\"@id\":\"https:\/\/evasionbleue.com\/#website\"},\"primaryImageOfPage\":{\"@id\":\"https:\/\/evasionbleue.com\/index.php\/product\/spectacle-medieval-du-castillo-san-miguel-avec-diner\/#primaryimage\"},\"image\":{\"@id\":\"https:\/\/evasionbleue.com\/index.php\/product\/spectacle-medieval-du-castillo-san-miguel-avec-diner\/#primaryimage\"},\"thumbnailUrl\":\"https:\/\/evasionbleue.com\/wp-content\/uploads\/2024\/04\/145-39.jpg\",\"datePublished\":\"2024-04-28T20:46:44+00:00\",\"breadcrumb\":{\"@id\":\"https:\/\/evasionbleue.com\/index.php\/product\/spectacle-medieval-du-castillo-san-miguel-avec-diner\/#breadcrumb\"},\"inLanguage\":\"fr-FR\",\"potentialAction\":[{\"@type\":\"ReadAction\",\"target\":[\"https:\/\/evasionbleue.com\/index.php\/product\/spectacle-medieval-du-castillo-san-miguel-avec-diner\/\"]}]},{\"@type\":\"ImageObject\",\"inLanguage\":\"fr-FR\",\"@id\":\"https:\/\/evasionbleue.com\/index.php\/product\/spectacle-medieval-du-castillo-san-miguel-avec-diner\/#primaryimage\",\"url\":\"https:\/\/evasionbleue.com\/wp-content\/uploads\/2024\/04\/145-39.jpg\",\"contentUrl\":\"https:\/\/evasionbleue.com\/wp-content\/uploads\/2024\/04\/145-39.jpg\",\"width\":960,\"height\":640},{\"@type\":\"BreadcrumbList\",\"@id\":\"https:\/\/evasionbleue.com\/index.php\/product\/spectacle-medieval-du-castillo-san-miguel-avec-diner\/#breadcrumb\",\"itemListElement\":[{\"@type\":\"ListItem\",\"position\":1,\"name\":\"Accueil\",\"item\":\"https:\/\/evasionbleue.com\/\"},{\"@type\":\"ListItem\",\"position\":2,\"name\":\"Shop\",\"item\":\"https:\/\/evasionbleue.com\/index.php\/shop\/\"},{\"@type\":\"ListItem\",\"position\":3,\"name\":\"Spectacle m\u00e9di\u00e9val du Castillo San Miguel avec d\u00eener\"}]},{\"@type\":\"WebSite\",\"@id\":\"https:\/\/evasionbleue.com\/#website\",\"url\":\"https:\/\/evasionbleue.com\/\",\"name\":\"evasionbleue.com\",\"description\":\"evasionbleue agence de voyage\",\"potentialAction\":[{\"@type\":\"SearchAction\",\"target\":{\"@type\":\"EntryPoint\",\"urlTemplate\":\"https:\/\/evasionbleue.com\/?s={search_term_string}\"},\"query-input\":{\"@type\":\"PropertyValueSpecification\",\"valueRequired\":true,\"valueName\":\"search_term_string\"}}],\"inLanguage\":\"fr-FR\"}]}<\/script>\n<!-- \/ Yoast SEO plugin. -->","yoast_head_json":{"title":"Spectacle m\u00e9di\u00e9val du Castillo San Miguel avec d\u00eener - evasionbleue.com","robots":{"index":"index","follow":"follow","max-snippet":"max-snippet:-1","max-image-preview":"max-image-preview:large","max-video-preview":"max-video-preview:-1"},"canonical":"https:\/\/evasionbleue.com\/index.php\/product\/spectacle-medieval-du-castillo-san-miguel-avec-diner\/","og_locale":"fr_FR","og_type":"article","og_title":"Spectacle m\u00e9di\u00e9val du Castillo San Miguel avec d\u00eener - evasionbleue.com","og_description":"Notre ch\u00e2teau est situ\u00e9 dans le sud de Tenerife et son infrastructure est con\u00e7ue pour que vous viviez une aventure m\u00e9di\u00e9vale d\u00e8s que vous franchissez ses murs majestueux. Le Castillo San Miguel de Tenerife est une construction de 6 000 m\u00e8tres carr\u00e9s, r\u00e9alis\u00e9e en pierre de canto, typique des \u00eeles Canaries. D\u00e8s que vous entrez dans le ch\u00e2teau, vous vous rendez compte que vous \u00eates dans un monde m\u00e9di\u00e9val authentique. Le comte Don Rodrigo et sa fille la jeune comtesse vous accueilleront et vous souhaiteront la bienvenue dans leur ch\u00e2teau, dont l'entr\u00e9e est d\u00e9cor\u00e9e d'armures, d'\u00e9p\u00e9es, de coffres et d'\u00e9crits de l'\u00e9poque. Les aimables sujets du comte Don Rodrigo vous accompagneront jusqu'\u00e0 la Sala de los Torneos, o\u00f9 un spectacle de combats, de tournois et de jeux m\u00e9di\u00e9vaux se d\u00e9roulera en pr\u00e9sence des comtes. Pendant le tournoi, le banquet sera servi. Le Castillo San Miguel vous propose un menu dont vous pourrez profiter au maximum pendant le banquet, au milieu des joutes. Le menu se compose d'une cr\u00e8me de l\u00e9gumes de saison avec des cubes de fromage, d'un poulet garrot au four dans son jus avec des pommes de terre au four et des tomates assaisonn\u00e9es, d'un g\u00e2teau \u00e0 la cr\u00e8me glac\u00e9e avec du sirop de chocolat. Le vin rouge et blanc, l'eau min\u00e9rale et le jus d'orange sont inclus pendant le d\u00eener. Si vous souhaitez assister au spectacle au premier rang, choisissez l'option VIP. Vous serez \u00e9galement invit\u00e9 \u00e0 boire un verre de cava avec ce billet.","og_url":"https:\/\/evasionbleue.com\/index.php\/product\/spectacle-medieval-du-castillo-san-miguel-avec-diner\/","og_site_name":"evasionbleue.com","og_image":[{"width":960,"height":640,"url":"https:\/\/evasionbleue.com\/wp-content\/uploads\/2024\/04\/145-39.jpg","type":"image\/jpeg"}],"twitter_card":"summary_large_image","schema":{"@context":"https:\/\/schema.org","@graph":[{"@type":"WebPage","@id":"https:\/\/evasionbleue.com\/index.php\/product\/spectacle-medieval-du-castillo-san-miguel-avec-diner\/","url":"https:\/\/evasionbleue.com\/index.php\/product\/spectacle-medieval-du-castillo-san-miguel-avec-diner\/","name":"Spectacle m\u00e9di\u00e9val du Castillo San Miguel avec d\u00eener - evasionbleue.com","isPartOf":{"@id":"https:\/\/evasionbleue.com\/#website"},"primaryImageOfPage":{"@id":"https:\/\/evasionbleue.com\/index.php\/product\/spectacle-medieval-du-castillo-san-miguel-avec-diner\/#primaryimage"},"image":{"@id":"https:\/\/evasionbleue.com\/index.php\/product\/spectacle-medieval-du-castillo-san-miguel-avec-diner\/#primaryimage"},"thumbnailUrl":"https:\/\/evasionbleue.com\/wp-content\/uploads\/2024\/04\/145-39.jpg","datePublished":"2024-04-28T20:46:44+00:00","breadcrumb":{"@id":"https:\/\/evasionbleue.com\/index.php\/product\/spectacle-medieval-du-castillo-san-miguel-avec-diner\/#breadcrumb"},"inLanguage":"fr-FR","potentialAction":[{"@type":"ReadAction","target":["https:\/\/evasionbleue.com\/index.php\/product\/spectacle-medieval-du-castillo-san-miguel-avec-diner\/"]}]},{"@type":"ImageObject","inLanguage":"fr-FR","@id":"https:\/\/evasionbleue.com\/index.php\/product\/spectacle-medieval-du-castillo-san-miguel-avec-diner\/#primaryimage","url":"https:\/\/evasionbleue.com\/wp-content\/uploads\/2024\/04\/145-39.jpg","contentUrl":"https:\/\/evasionbleue.com\/wp-content\/uploads\/2024\/04\/145-39.jpg","width":960,"height":640},{"@type":"BreadcrumbList","@id":"https:\/\/evasionbleue.com\/index.php\/product\/spectacle-medieval-du-castillo-san-miguel-avec-diner\/#breadcrumb","itemListElement":[{"@type":"ListItem","position":1,"name":"Accueil","item":"https:\/\/evasionbleue.com\/"},{"@type":"ListItem","position":2,"name":"Shop","item":"https:\/\/evasionbleue.com\/index.php\/shop\/"},{"@type":"ListItem","position":3,"name":"Spectacle m\u00e9di\u00e9val du Castillo San Miguel avec d\u00eener"}]},{"@type":"WebSite","@id":"https:\/\/evasionbleue.com\/#website","url":"https:\/\/evasionbleue.com\/","name":"evasionbleue.com","description":"evasionbleue agence de voyage","potentialAction":[{"@type":"SearchAction","target":{"@type":"EntryPoint","urlTemplate":"https:\/\/evasionbleue.com\/?s={search_term_string}"},"query-input":{"@type":"PropertyValueSpecification","valueRequired":true,"valueName":"search_term_string"}}],"inLanguage":"fr-FR"}]}},"_links":{"self":[{"href":"https:\/\/evasionbleue.com\/index.php\/wp-json\/wp\/v2\/product\/12106","targetHints":{"allow":["GET"]}}],"collection":[{"href":"https:\/\/evasionbleue.com\/index.php\/wp-json\/wp\/v2\/product"}],"about":[{"href":"https:\/\/evasionbleue.com\/index.php\/wp-json\/wp\/v2\/types\/product"}],"replies":[{"embeddable":true,"href":"https:\/\/evasionbleue.com\/index.php\/wp-json\/wp\/v2\/comments?post=12106"}],"version-history":[{"count":1,"href":"https:\/\/evasionbleue.com\/index.php\/wp-json\/wp\/v2\/product\/12106\/revisions"}],"predecessor-version":[{"id":12116,"href":"https:\/\/evasionbleue.com\/index.php\/wp-json\/wp\/v2\/product\/12106\/revisions\/12116"}],"wp:featuredmedia":[{"embeddable":true,"href":"https:\/\/evasionbleue.com\/index.php\/wp-json\/wp\/v2\/media\/12108"}],"wp:attachment":[{"href":"https:\/\/evasionbleue.com\/index.php\/wp-json\/wp\/v2\/media?parent=12106"}],"wp:term":[{"taxonomy":"product_brand","embeddable":true,"href":"https:\/\/evasionbleue.com\/index.php\/wp-json\/wp\/v2\/product_brand?post=12106"},{"taxonomy":"product_cat","embeddable":true,"href":"https:\/\/evasionbleue.com\/index.php\/wp-json\/wp\/v2\/product_cat?post=12106"},{"taxonomy":"product_tag","embeddable":true,"href":"https:\/\/evasionbleue.com\/index.php\/wp-json\/wp\/v2\/product_tag?post=12106"}],"curies":[{"name":"wp","href":"https:\/\/api.w.org\/{rel}","templated":true}]}}