{"id":12117,"date":"2024-04-28T20:53:37","date_gmt":"2024-04-28T20:53:37","guid":{"rendered":"https:\/\/evasionbleue.com\/?post_type=product&#038;p=12117"},"modified":"2024-04-28T20:53:37","modified_gmt":"2024-04-28T20:53:37","slug":"visite-du-monster-quad-teide","status":"publish","type":"product","link":"https:\/\/evasionbleue.com\/index.php\/product\/visite-du-monster-quad-teide\/","title":{"rendered":"Visite du Monster Quad Teide"},"content":{"rendered":"","protected":false},"excerpt":{"rendered":"<p>Avec nos quads de derni\u00e8re g\u00e9n\u00e9ration, vous pourrez vivre une exp\u00e9rience inoubliable dans un maximum de s\u00e9curit\u00e9 et de confort \u00e0 bord de v\u00e9hicules performants et tr\u00e8s confortables m\u00eame pour deux passagers, le tout sous la supervision de nos accompagnateurs qui seront proches de vous pendant toute la dur\u00e9e dur\u00e9e de la visite pour pr\u00e9server votre s\u00e9curit\u00e9 et assurer votre tranquillit\u00e9 d&rsquo;esprit. De plus, avec l&rsquo;option Teide Tour Restaurant, vous aurez la possibilit\u00e9 de vous arr\u00eater et de d\u00e9jeuner dans une Guachinche typique des Canaries.<\/p>\n","protected":false},"featured_media":12119,"comment_status":"open","ping_status":"closed","template":"","meta":[],"product_brand":[],"product_cat":[109],"product_tag":[],"class_list":{"0":"post-12117","1":"product","2":"type-product","3":"status-publish","4":"has-post-thumbnail","6":"product_cat-excursions-tenerife","8":"first","9":"instock","10":"shipping-taxable","11":"purchasable","12":"product-type-simple"},"yoast_head":"<!-- This site is optimized with the Yoast SEO plugin v25.3.1 - https:\/\/yoast.com\/wordpress\/plugins\/seo\/ -->\n<title>Visite du Monster Quad Teide - evasionbleue.com<\/title>\n<meta name=\"robots\" content=\"index, follow, max-snippet:-1, max-image-preview:large, max-video-preview:-1\" \/>\n<link rel=\"canonical\" href=\"https:\/\/evasionbleue.com\/index.php\/product\/visite-du-monster-quad-teide\/\" \/>\n<meta property=\"og:locale\" content=\"fr_FR\" \/>\n<meta property=\"og:type\" content=\"article\" \/>\n<meta property=\"og:title\" content=\"Visite du Monster Quad Teide - evasionbleue.com\" \/>\n<meta property=\"og:description\" content=\"Avec nos quads de derni\u00e8re g\u00e9n\u00e9ration, vous pourrez vivre une exp\u00e9rience inoubliable dans un maximum de s\u00e9curit\u00e9 et de confort \u00e0 bord de v\u00e9hicules performants et tr\u00e8s confortables m\u00eame pour deux passagers, le tout sous la supervision de nos accompagnateurs qui seront proches de vous pendant toute la dur\u00e9e dur\u00e9e de la visite pour pr\u00e9server votre s\u00e9curit\u00e9 et assurer votre tranquillit\u00e9 d&#039;esprit. De plus, avec l&#039;option Teide Tour Restaurant, vous aurez la possibilit\u00e9 de vous arr\u00eater et de d\u00e9jeuner dans une Guachinche typique des Canaries.\" \/>\n<meta property=\"og:url\" content=\"https:\/\/evasionbleue.com\/index.php\/product\/visite-du-monster-quad-teide\/\" \/>\n<meta property=\"og:site_name\" content=\"evasionbleue.com\" \/>\n<meta property=\"og:image\" content=\"https:\/\/evasionbleue.com\/wp-content\/uploads\/2024\/04\/48.jpg\" \/>\n\t<meta property=\"og:image:width\" content=\"669\" \/>\n\t<meta property=\"og:image:height\" content=\"446\" \/>\n\t<meta property=\"og:image:type\" content=\"image\/jpeg\" \/>\n<meta name=\"twitter:card\" content=\"summary_large_image\" \/>\n<script type=\"application\/ld+json\" class=\"yoast-schema-graph\">{\"@context\":\"https:\/\/schema.org\",\"@graph\":[{\"@type\":\"WebPage\",\"@id\":\"https:\/\/evasionbleue.com\/index.php\/product\/visite-du-monster-quad-teide\/\",\"url\":\"https:\/\/evasionbleue.com\/index.php\/product\/visite-du-monster-quad-teide\/\",\"name\":\"Visite du Monster Quad Teide - evasionbleue.com\",\"isPartOf\":{\"@id\":\"https:\/\/evasionbleue.com\/#website\"},\"primaryImageOfPage\":{\"@id\":\"https:\/\/evasionbleue.com\/index.php\/product\/visite-du-monster-quad-teide\/#primaryimage\"},\"image\":{\"@id\":\"https:\/\/evasionbleue.com\/index.php\/product\/visite-du-monster-quad-teide\/#primaryimage\"},\"thumbnailUrl\":\"https:\/\/evasionbleue.com\/wp-content\/uploads\/2024\/04\/48.jpg\",\"datePublished\":\"2024-04-28T20:53:37+00:00\",\"breadcrumb\":{\"@id\":\"https:\/\/evasionbleue.com\/index.php\/product\/visite-du-monster-quad-teide\/#breadcrumb\"},\"inLanguage\":\"fr-FR\",\"potentialAction\":[{\"@type\":\"ReadAction\",\"target\":[\"https:\/\/evasionbleue.com\/index.php\/product\/visite-du-monster-quad-teide\/\"]}]},{\"@type\":\"ImageObject\",\"inLanguage\":\"fr-FR\",\"@id\":\"https:\/\/evasionbleue.com\/index.php\/product\/visite-du-monster-quad-teide\/#primaryimage\",\"url\":\"https:\/\/evasionbleue.com\/wp-content\/uploads\/2024\/04\/48.jpg\",\"contentUrl\":\"https:\/\/evasionbleue.com\/wp-content\/uploads\/2024\/04\/48.jpg\",\"width\":669,\"height\":446},{\"@type\":\"BreadcrumbList\",\"@id\":\"https:\/\/evasionbleue.com\/index.php\/product\/visite-du-monster-quad-teide\/#breadcrumb\",\"itemListElement\":[{\"@type\":\"ListItem\",\"position\":1,\"name\":\"Accueil\",\"item\":\"https:\/\/evasionbleue.com\/\"},{\"@type\":\"ListItem\",\"position\":2,\"name\":\"Shop\",\"item\":\"https:\/\/evasionbleue.com\/index.php\/shop\/\"},{\"@type\":\"ListItem\",\"position\":3,\"name\":\"Visite du Monster Quad Teide\"}]},{\"@type\":\"WebSite\",\"@id\":\"https:\/\/evasionbleue.com\/#website\",\"url\":\"https:\/\/evasionbleue.com\/\",\"name\":\"evasionbleue.com\",\"description\":\"evasionbleue agence de voyage\",\"potentialAction\":[{\"@type\":\"SearchAction\",\"target\":{\"@type\":\"EntryPoint\",\"urlTemplate\":\"https:\/\/evasionbleue.com\/?s={search_term_string}\"},\"query-input\":{\"@type\":\"PropertyValueSpecification\",\"valueRequired\":true,\"valueName\":\"search_term_string\"}}],\"inLanguage\":\"fr-FR\"}]}<\/script>\n<!-- \/ Yoast SEO plugin. -->","yoast_head_json":{"title":"Visite du Monster Quad Teide - evasionbleue.com","robots":{"index":"index","follow":"follow","max-snippet":"max-snippet:-1","max-image-preview":"max-image-preview:large","max-video-preview":"max-video-preview:-1"},"canonical":"https:\/\/evasionbleue.com\/index.php\/product\/visite-du-monster-quad-teide\/","og_locale":"fr_FR","og_type":"article","og_title":"Visite du Monster Quad Teide - evasionbleue.com","og_description":"Avec nos quads de derni\u00e8re g\u00e9n\u00e9ration, vous pourrez vivre une exp\u00e9rience inoubliable dans un maximum de s\u00e9curit\u00e9 et de confort \u00e0 bord de v\u00e9hicules performants et tr\u00e8s confortables m\u00eame pour deux passagers, le tout sous la supervision de nos accompagnateurs qui seront proches de vous pendant toute la dur\u00e9e dur\u00e9e de la visite pour pr\u00e9server votre s\u00e9curit\u00e9 et assurer votre tranquillit\u00e9 d'esprit. De plus, avec l'option Teide Tour Restaurant, vous aurez la possibilit\u00e9 de vous arr\u00eater et de d\u00e9jeuner dans une Guachinche typique des Canaries.","og_url":"https:\/\/evasionbleue.com\/index.php\/product\/visite-du-monster-quad-teide\/","og_site_name":"evasionbleue.com","og_image":[{"width":669,"height":446,"url":"https:\/\/evasionbleue.com\/wp-content\/uploads\/2024\/04\/48.jpg","type":"image\/jpeg"}],"twitter_card":"summary_large_image","schema":{"@context":"https:\/\/schema.org","@graph":[{"@type":"WebPage","@id":"https:\/\/evasionbleue.com\/index.php\/product\/visite-du-monster-quad-teide\/","url":"https:\/\/evasionbleue.com\/index.php\/product\/visite-du-monster-quad-teide\/","name":"Visite du Monster Quad Teide - evasionbleue.com","isPartOf":{"@id":"https:\/\/evasionbleue.com\/#website"},"primaryImageOfPage":{"@id":"https:\/\/evasionbleue.com\/index.php\/product\/visite-du-monster-quad-teide\/#primaryimage"},"image":{"@id":"https:\/\/evasionbleue.com\/index.php\/product\/visite-du-monster-quad-teide\/#primaryimage"},"thumbnailUrl":"https:\/\/evasionbleue.com\/wp-content\/uploads\/2024\/04\/48.jpg","datePublished":"2024-04-28T20:53:37+00:00","breadcrumb":{"@id":"https:\/\/evasionbleue.com\/index.php\/product\/visite-du-monster-quad-teide\/#breadcrumb"},"inLanguage":"fr-FR","potentialAction":[{"@type":"ReadAction","target":["https:\/\/evasionbleue.com\/index.php\/product\/visite-du-monster-quad-teide\/"]}]},{"@type":"ImageObject","inLanguage":"fr-FR","@id":"https:\/\/evasionbleue.com\/index.php\/product\/visite-du-monster-quad-teide\/#primaryimage","url":"https:\/\/evasionbleue.com\/wp-content\/uploads\/2024\/04\/48.jpg","contentUrl":"https:\/\/evasionbleue.com\/wp-content\/uploads\/2024\/04\/48.jpg","width":669,"height":446},{"@type":"BreadcrumbList","@id":"https:\/\/evasionbleue.com\/index.php\/product\/visite-du-monster-quad-teide\/#breadcrumb","itemListElement":[{"@type":"ListItem","position":1,"name":"Accueil","item":"https:\/\/evasionbleue.com\/"},{"@type":"ListItem","position":2,"name":"Shop","item":"https:\/\/evasionbleue.com\/index.php\/shop\/"},{"@type":"ListItem","position":3,"name":"Visite du Monster Quad Teide"}]},{"@type":"WebSite","@id":"https:\/\/evasionbleue.com\/#website","url":"https:\/\/evasionbleue.com\/","name":"evasionbleue.com","description":"evasionbleue agence de voyage","potentialAction":[{"@type":"SearchAction","target":{"@type":"EntryPoint","urlTemplate":"https:\/\/evasionbleue.com\/?s={search_term_string}"},"query-input":{"@type":"PropertyValueSpecification","valueRequired":true,"valueName":"search_term_string"}}],"inLanguage":"fr-FR"}]}},"_links":{"self":[{"href":"https:\/\/evasionbleue.com\/index.php\/wp-json\/wp\/v2\/product\/12117","targetHints":{"allow":["GET"]}}],"collection":[{"href":"https:\/\/evasionbleue.com\/index.php\/wp-json\/wp\/v2\/product"}],"about":[{"href":"https:\/\/evasionbleue.com\/index.php\/wp-json\/wp\/v2\/types\/product"}],"replies":[{"embeddable":true,"href":"https:\/\/evasionbleue.com\/index.php\/wp-json\/wp\/v2\/comments?post=12117"}],"version-history":[{"count":1,"href":"https:\/\/evasionbleue.com\/index.php\/wp-json\/wp\/v2\/product\/12117\/revisions"}],"predecessor-version":[{"id":12126,"href":"https:\/\/evasionbleue.com\/index.php\/wp-json\/wp\/v2\/product\/12117\/revisions\/12126"}],"wp:featuredmedia":[{"embeddable":true,"href":"https:\/\/evasionbleue.com\/index.php\/wp-json\/wp\/v2\/media\/12119"}],"wp:attachment":[{"href":"https:\/\/evasionbleue.com\/index.php\/wp-json\/wp\/v2\/media?parent=12117"}],"wp:term":[{"taxonomy":"product_brand","embeddable":true,"href":"https:\/\/evasionbleue.com\/index.php\/wp-json\/wp\/v2\/product_brand?post=12117"},{"taxonomy":"product_cat","embeddable":true,"href":"https:\/\/evasionbleue.com\/index.php\/wp-json\/wp\/v2\/product_cat?post=12117"},{"taxonomy":"product_tag","embeddable":true,"href":"https:\/\/evasionbleue.com\/index.php\/wp-json\/wp\/v2\/product_tag?post=12117"}],"curies":[{"name":"wp","href":"https:\/\/api.w.org\/{rel}","templated":true}]}}