{"id":12127,"date":"2024-04-28T21:00:38","date_gmt":"2024-04-28T21:00:38","guid":{"rendered":"https:\/\/evasionbleue.com\/?post_type=product&#038;p=12127"},"modified":"2024-04-29T11:05:25","modified_gmt":"2024-04-29T11:05:25","slug":"excursion-gastronomique-a-tenerife","status":"publish","type":"product","link":"https:\/\/evasionbleue.com\/index.php\/product\/excursion-gastronomique-a-tenerife\/","title":{"rendered":"Excursion gastronomique \u00e0 Tenerife"},"content":{"rendered":"","protected":false},"excerpt":{"rendered":"<p>Visitez Tenerife, une des plus grandes \u00eeles des Canaries espagnoles, et d\u00e9couvrez sa gastronomie \u00e0 l&rsquo;occasion de cette excursion de 8\u00a0heures. Dans la ville de San Cristobal de la Laguna class\u00e9e au patrimoine de l&rsquo;UNESCO, d\u00e9gustez des vins et des fromages locaux dans deux domaines viticoles populaires, puis d\u00e9tendez-vous autour d&rsquo;un repas constitu\u00e9 de quatre plats accompagn\u00e9s de vins. Ensuite, rendez-vous au village de p\u00eacheurs de Candelaria pour d\u00e9couvrir son histoire religieuse et ses sites incontournables. Visite gastronomique de Tenerife \u00e0 San Crist\u00f3bal de La Laguna D\u00e9gustez du fromage et du vin dans deux \u00e9tablissements vinicoles populaires Profitez d&rsquo;un d\u00e9jeuner de 4 plats avec du vin tout en regardant la magnifique vue sur l&rsquo;oc\u00e9an Prise en charge et retour \u00e0 l&rsquo;h\u00f4tel inclus inclus \u00e0 partir d&rsquo;h\u00f4tels s\u00e9lectionn\u00e9s<\/p>\n","protected":false},"featured_media":12132,"comment_status":"open","ping_status":"closed","template":"","meta":[],"product_brand":[],"product_cat":[109],"product_tag":[],"class_list":{"0":"post-12127","1":"product","2":"type-product","3":"status-publish","4":"has-post-thumbnail","6":"product_cat-excursions-tenerife","8":"first","9":"instock","10":"shipping-taxable","11":"purchasable","12":"product-type-simple"},"yoast_head":"<!-- This site is optimized with the Yoast SEO plugin v25.3.1 - https:\/\/yoast.com\/wordpress\/plugins\/seo\/ -->\n<title>Excursion gastronomique \u00e0 Tenerife - evasionbleue.com<\/title>\n<meta name=\"robots\" content=\"index, follow, max-snippet:-1, max-image-preview:large, max-video-preview:-1\" \/>\n<link rel=\"canonical\" href=\"https:\/\/evasionbleue.com\/index.php\/product\/excursion-gastronomique-a-tenerife\/\" \/>\n<meta property=\"og:locale\" content=\"fr_FR\" \/>\n<meta property=\"og:type\" content=\"article\" \/>\n<meta property=\"og:title\" content=\"Excursion gastronomique \u00e0 Tenerife - evasionbleue.com\" \/>\n<meta property=\"og:description\" content=\"Visitez Tenerife, une des plus grandes \u00eeles des Canaries espagnoles, et d\u00e9couvrez sa gastronomie \u00e0 l&#039;occasion de cette excursion de 8\u00a0heures. Dans la ville de San Cristobal de la Laguna class\u00e9e au patrimoine de l&#039;UNESCO, d\u00e9gustez des vins et des fromages locaux dans deux domaines viticoles populaires, puis d\u00e9tendez-vous autour d&#039;un repas constitu\u00e9 de quatre plats accompagn\u00e9s de vins. Ensuite, rendez-vous au village de p\u00eacheurs de Candelaria pour d\u00e9couvrir son histoire religieuse et ses sites incontournables. Visite gastronomique de Tenerife \u00e0 San Crist\u00f3bal de La Laguna D\u00e9gustez du fromage et du vin dans deux \u00e9tablissements vinicoles populaires Profitez d&#039;un d\u00e9jeuner de 4 plats avec du vin tout en regardant la magnifique vue sur l&#039;oc\u00e9an Prise en charge et retour \u00e0 l&#039;h\u00f4tel inclus inclus \u00e0 partir d&#039;h\u00f4tels s\u00e9lectionn\u00e9s\" \/>\n<meta property=\"og:url\" content=\"https:\/\/evasionbleue.com\/index.php\/product\/excursion-gastronomique-a-tenerife\/\" \/>\n<meta property=\"og:site_name\" content=\"evasionbleue.com\" \/>\n<meta property=\"article:modified_time\" content=\"2024-04-29T11:05:25+00:00\" \/>\n<meta property=\"og:image\" content=\"https:\/\/evasionbleue.com\/wp-content\/uploads\/2024\/04\/12-17.jpg\" \/>\n\t<meta property=\"og:image:width\" content=\"669\" \/>\n\t<meta property=\"og:image:height\" content=\"446\" \/>\n\t<meta property=\"og:image:type\" content=\"image\/jpeg\" \/>\n<meta name=\"twitter:card\" content=\"summary_large_image\" \/>\n<script type=\"application\/ld+json\" class=\"yoast-schema-graph\">{\"@context\":\"https:\/\/schema.org\",\"@graph\":[{\"@type\":\"WebPage\",\"@id\":\"https:\/\/evasionbleue.com\/index.php\/product\/excursion-gastronomique-a-tenerife\/\",\"url\":\"https:\/\/evasionbleue.com\/index.php\/product\/excursion-gastronomique-a-tenerife\/\",\"name\":\"Excursion gastronomique \u00e0 Tenerife - evasionbleue.com\",\"isPartOf\":{\"@id\":\"https:\/\/evasionbleue.com\/#website\"},\"primaryImageOfPage\":{\"@id\":\"https:\/\/evasionbleue.com\/index.php\/product\/excursion-gastronomique-a-tenerife\/#primaryimage\"},\"image\":{\"@id\":\"https:\/\/evasionbleue.com\/index.php\/product\/excursion-gastronomique-a-tenerife\/#primaryimage\"},\"thumbnailUrl\":\"https:\/\/evasionbleue.com\/wp-content\/uploads\/2024\/04\/12-17.jpg\",\"datePublished\":\"2024-04-28T21:00:38+00:00\",\"dateModified\":\"2024-04-29T11:05:25+00:00\",\"breadcrumb\":{\"@id\":\"https:\/\/evasionbleue.com\/index.php\/product\/excursion-gastronomique-a-tenerife\/#breadcrumb\"},\"inLanguage\":\"fr-FR\",\"potentialAction\":[{\"@type\":\"ReadAction\",\"target\":[\"https:\/\/evasionbleue.com\/index.php\/product\/excursion-gastronomique-a-tenerife\/\"]}]},{\"@type\":\"ImageObject\",\"inLanguage\":\"fr-FR\",\"@id\":\"https:\/\/evasionbleue.com\/index.php\/product\/excursion-gastronomique-a-tenerife\/#primaryimage\",\"url\":\"https:\/\/evasionbleue.com\/wp-content\/uploads\/2024\/04\/12-17.jpg\",\"contentUrl\":\"https:\/\/evasionbleue.com\/wp-content\/uploads\/2024\/04\/12-17.jpg\",\"width\":669,\"height\":446},{\"@type\":\"BreadcrumbList\",\"@id\":\"https:\/\/evasionbleue.com\/index.php\/product\/excursion-gastronomique-a-tenerife\/#breadcrumb\",\"itemListElement\":[{\"@type\":\"ListItem\",\"position\":1,\"name\":\"Accueil\",\"item\":\"https:\/\/evasionbleue.com\/\"},{\"@type\":\"ListItem\",\"position\":2,\"name\":\"Shop\",\"item\":\"https:\/\/evasionbleue.com\/index.php\/shop\/\"},{\"@type\":\"ListItem\",\"position\":3,\"name\":\"Excursion gastronomique \u00e0 Tenerife\"}]},{\"@type\":\"WebSite\",\"@id\":\"https:\/\/evasionbleue.com\/#website\",\"url\":\"https:\/\/evasionbleue.com\/\",\"name\":\"evasionbleue.com\",\"description\":\"evasionbleue agence de voyage\",\"potentialAction\":[{\"@type\":\"SearchAction\",\"target\":{\"@type\":\"EntryPoint\",\"urlTemplate\":\"https:\/\/evasionbleue.com\/?s={search_term_string}\"},\"query-input\":{\"@type\":\"PropertyValueSpecification\",\"valueRequired\":true,\"valueName\":\"search_term_string\"}}],\"inLanguage\":\"fr-FR\"}]}<\/script>\n<!-- \/ Yoast SEO plugin. -->","yoast_head_json":{"title":"Excursion gastronomique \u00e0 Tenerife - evasionbleue.com","robots":{"index":"index","follow":"follow","max-snippet":"max-snippet:-1","max-image-preview":"max-image-preview:large","max-video-preview":"max-video-preview:-1"},"canonical":"https:\/\/evasionbleue.com\/index.php\/product\/excursion-gastronomique-a-tenerife\/","og_locale":"fr_FR","og_type":"article","og_title":"Excursion gastronomique \u00e0 Tenerife - evasionbleue.com","og_description":"Visitez Tenerife, une des plus grandes \u00eeles des Canaries espagnoles, et d\u00e9couvrez sa gastronomie \u00e0 l'occasion de cette excursion de 8\u00a0heures. Dans la ville de San Cristobal de la Laguna class\u00e9e au patrimoine de l'UNESCO, d\u00e9gustez des vins et des fromages locaux dans deux domaines viticoles populaires, puis d\u00e9tendez-vous autour d'un repas constitu\u00e9 de quatre plats accompagn\u00e9s de vins. Ensuite, rendez-vous au village de p\u00eacheurs de Candelaria pour d\u00e9couvrir son histoire religieuse et ses sites incontournables. Visite gastronomique de Tenerife \u00e0 San Crist\u00f3bal de La Laguna D\u00e9gustez du fromage et du vin dans deux \u00e9tablissements vinicoles populaires Profitez d'un d\u00e9jeuner de 4 plats avec du vin tout en regardant la magnifique vue sur l'oc\u00e9an Prise en charge et retour \u00e0 l'h\u00f4tel inclus inclus \u00e0 partir d'h\u00f4tels s\u00e9lectionn\u00e9s","og_url":"https:\/\/evasionbleue.com\/index.php\/product\/excursion-gastronomique-a-tenerife\/","og_site_name":"evasionbleue.com","article_modified_time":"2024-04-29T11:05:25+00:00","og_image":[{"width":669,"height":446,"url":"https:\/\/evasionbleue.com\/wp-content\/uploads\/2024\/04\/12-17.jpg","type":"image\/jpeg"}],"twitter_card":"summary_large_image","schema":{"@context":"https:\/\/schema.org","@graph":[{"@type":"WebPage","@id":"https:\/\/evasionbleue.com\/index.php\/product\/excursion-gastronomique-a-tenerife\/","url":"https:\/\/evasionbleue.com\/index.php\/product\/excursion-gastronomique-a-tenerife\/","name":"Excursion gastronomique \u00e0 Tenerife - evasionbleue.com","isPartOf":{"@id":"https:\/\/evasionbleue.com\/#website"},"primaryImageOfPage":{"@id":"https:\/\/evasionbleue.com\/index.php\/product\/excursion-gastronomique-a-tenerife\/#primaryimage"},"image":{"@id":"https:\/\/evasionbleue.com\/index.php\/product\/excursion-gastronomique-a-tenerife\/#primaryimage"},"thumbnailUrl":"https:\/\/evasionbleue.com\/wp-content\/uploads\/2024\/04\/12-17.jpg","datePublished":"2024-04-28T21:00:38+00:00","dateModified":"2024-04-29T11:05:25+00:00","breadcrumb":{"@id":"https:\/\/evasionbleue.com\/index.php\/product\/excursion-gastronomique-a-tenerife\/#breadcrumb"},"inLanguage":"fr-FR","potentialAction":[{"@type":"ReadAction","target":["https:\/\/evasionbleue.com\/index.php\/product\/excursion-gastronomique-a-tenerife\/"]}]},{"@type":"ImageObject","inLanguage":"fr-FR","@id":"https:\/\/evasionbleue.com\/index.php\/product\/excursion-gastronomique-a-tenerife\/#primaryimage","url":"https:\/\/evasionbleue.com\/wp-content\/uploads\/2024\/04\/12-17.jpg","contentUrl":"https:\/\/evasionbleue.com\/wp-content\/uploads\/2024\/04\/12-17.jpg","width":669,"height":446},{"@type":"BreadcrumbList","@id":"https:\/\/evasionbleue.com\/index.php\/product\/excursion-gastronomique-a-tenerife\/#breadcrumb","itemListElement":[{"@type":"ListItem","position":1,"name":"Accueil","item":"https:\/\/evasionbleue.com\/"},{"@type":"ListItem","position":2,"name":"Shop","item":"https:\/\/evasionbleue.com\/index.php\/shop\/"},{"@type":"ListItem","position":3,"name":"Excursion gastronomique \u00e0 Tenerife"}]},{"@type":"WebSite","@id":"https:\/\/evasionbleue.com\/#website","url":"https:\/\/evasionbleue.com\/","name":"evasionbleue.com","description":"evasionbleue agence de voyage","potentialAction":[{"@type":"SearchAction","target":{"@type":"EntryPoint","urlTemplate":"https:\/\/evasionbleue.com\/?s={search_term_string}"},"query-input":{"@type":"PropertyValueSpecification","valueRequired":true,"valueName":"search_term_string"}}],"inLanguage":"fr-FR"}]}},"_links":{"self":[{"href":"https:\/\/evasionbleue.com\/index.php\/wp-json\/wp\/v2\/product\/12127","targetHints":{"allow":["GET"]}}],"collection":[{"href":"https:\/\/evasionbleue.com\/index.php\/wp-json\/wp\/v2\/product"}],"about":[{"href":"https:\/\/evasionbleue.com\/index.php\/wp-json\/wp\/v2\/types\/product"}],"replies":[{"embeddable":true,"href":"https:\/\/evasionbleue.com\/index.php\/wp-json\/wp\/v2\/comments?post=12127"}],"version-history":[{"count":3,"href":"https:\/\/evasionbleue.com\/index.php\/wp-json\/wp\/v2\/product\/12127\/revisions"}],"predecessor-version":[{"id":12165,"href":"https:\/\/evasionbleue.com\/index.php\/wp-json\/wp\/v2\/product\/12127\/revisions\/12165"}],"wp:featuredmedia":[{"embeddable":true,"href":"https:\/\/evasionbleue.com\/index.php\/wp-json\/wp\/v2\/media\/12132"}],"wp:attachment":[{"href":"https:\/\/evasionbleue.com\/index.php\/wp-json\/wp\/v2\/media?parent=12127"}],"wp:term":[{"taxonomy":"product_brand","embeddable":true,"href":"https:\/\/evasionbleue.com\/index.php\/wp-json\/wp\/v2\/product_brand?post=12127"},{"taxonomy":"product_cat","embeddable":true,"href":"https:\/\/evasionbleue.com\/index.php\/wp-json\/wp\/v2\/product_cat?post=12127"},{"taxonomy":"product_tag","embeddable":true,"href":"https:\/\/evasionbleue.com\/index.php\/wp-json\/wp\/v2\/product_tag?post=12127"}],"curies":[{"name":"wp","href":"https:\/\/api.w.org\/{rel}","templated":true}]}}