{"id":9761,"date":"2024-04-02T12:14:28","date_gmt":"2024-04-02T12:14:28","guid":{"rendered":"https:\/\/evasionbleue.com\/?post_type=product&#038;p=9761"},"modified":"2024-04-02T12:23:56","modified_gmt":"2024-04-02T12:23:56","slug":"atana-hotel","status":"publish","type":"product","link":"https:\/\/evasionbleue.com\/index.php\/product\/atana-hotel\/","title":{"rendered":"ATANA HOTEL"},"content":{"rendered":"","protected":false},"excerpt":{"rendered":"<p>L\u2019Atana Hotel est un \u00e9tablissement 4 \u00e9toiles install\u00e9 \u00e0 Duba\u00ef, \u00e0 5 minutes en voiture du centre commercial Mall of Emirates. Il met gratuitement \u00e0 votre disposition un parking et une connexion Wi-Fi.<br \/>\nLes chambres et les suites sont d\u00e9cor\u00e9es dans des tons chauds. Toutes les chambres sont \u00e9quip\u00e9es d&rsquo;une t\u00e9l\u00e9vision \u00e0 \u00e9cran LCD. Chacune comprend un plateau\/bouilloire gratuit.<br \/>\nL\u2019h\u00f4tel poss\u00e8de 3 restaurants de styles diff\u00e9rents servant des repas tout au long de la journ\u00e9e, ainsi que des magasins d\u2019alimentation et le salon Piano Caf\u00e9 Lounge. Un service d\u2019\u00e9tage est par ailleurs assur\u00e9 24h\/24.<br \/>\nL\u2019Atana Hotel comprend une vaste salle de bal modulable, des salles de conf\u00e9rence, de r\u00e9ception et de r\u00e9union, ainsi qu\u2019une galerie marchande occupant tout le rez-de-chauss\u00e9e. Une salle de sport enti\u00e8rement \u00e9quip\u00e9e et une agr\u00e9able piscine ext\u00e9rieure avec une terrasse bien expos\u00e9e figurent aussi parmi les installations de loisir de l\u2019\u00e9tablissement.<br \/>\nL\u2019Atana Hotel se trouve \u00e0 seulement 7 minutes de route des nombreux magasins et sites touristiques de Duba\u00ef, tels que le centre commercial Mall of the Emirates et la station de sports d\u2019hiver d\u2019int\u00e9rieur Ski Duba\u00ef.<\/p>\n<p>&nbsp;<\/p>\n<h4>Ce que comprend le prix EN TTC :<\/h4>\n<h4>Pack 399\u20ac\/Pers<\/h4>\n<ul class=\"list_ok\">\n<li>Un h\u00e9bergement \u00e0 prix fixe quelque soit la p\u00e9riode valable 12 mois<\/li>\n<li>D\u00e9part possible depuis tous les a\u00e9roports de France.<\/li>\n<li>Formule petit d\u00e9jeuner.<\/li>\n<li>Assistance d\u2019un service de travel-planner \u00e0 votre disposition pour r\u00e9pondre \u00e0 vos envies et vous assister quelque soit la nature de votre demande.<\/li>\n<li>Les transferts a\u00e9roport \u2013 h\u00f4tel \/ h\u00f4tel \u2013 a\u00e9roport<\/li>\n<\/ul>\n<p>&nbsp;<\/p>\n<h4>Ce que ne comprend pas le prix EN TTC :<\/h4>\n<p>&nbsp;<\/p>\n<ul class=\"list_ok\">\n<li>Les billets d\u2019avion.<\/li>\n<li>Les d\u00e9penses d\u2019ordres personnels.<\/li>\n<li>Les excursions contract\u00e9es sur place.<\/li>\n<\/ul>\n","protected":false},"featured_media":9742,"comment_status":"open","ping_status":"closed","template":"","meta":[],"product_brand":[],"product_cat":[110,157],"product_tag":[],"class_list":{"0":"post-9761","1":"product","2":"type-product","3":"status-publish","4":"has-post-thumbnail","6":"product_cat-excursions","7":"product_cat-hotels","9":"first","10":"instock","11":"shipping-taxable","12":"purchasable","13":"product-type-simple"},"yoast_head":"<!-- This site is optimized with the Yoast SEO plugin v25.3.1 - https:\/\/yoast.com\/wordpress\/plugins\/seo\/ -->\n<title>ATANA HOTEL - evasionbleue.com<\/title>\n<meta name=\"robots\" content=\"index, follow, max-snippet:-1, max-image-preview:large, max-video-preview:-1\" \/>\n<link rel=\"canonical\" href=\"https:\/\/evasionbleue.com\/index.php\/product\/atana-hotel\/\" \/>\n<meta property=\"og:locale\" content=\"fr_FR\" \/>\n<meta property=\"og:type\" content=\"article\" \/>\n<meta property=\"og:title\" content=\"ATANA HOTEL - evasionbleue.com\" \/>\n<meta property=\"og:description\" content=\"L\u2019Atana Hotel est un \u00e9tablissement 4 \u00e9toiles install\u00e9 \u00e0 Duba\u00ef, \u00e0 5 minutes en voiture du centre commercial Mall of Emirates. Il met gratuitement \u00e0 votre disposition un parking et une connexion Wi-Fi. Les chambres et les suites sont d\u00e9cor\u00e9es dans des tons chauds. Toutes les chambres sont \u00e9quip\u00e9es d&#039;une t\u00e9l\u00e9vision \u00e0 \u00e9cran LCD. Chacune comprend un plateau\/bouilloire gratuit. L\u2019h\u00f4tel poss\u00e8de 3 restaurants de styles diff\u00e9rents servant des repas tout au long de la journ\u00e9e, ainsi que des magasins d\u2019alimentation et le salon Piano Caf\u00e9 Lounge. Un service d\u2019\u00e9tage est par ailleurs assur\u00e9 24h\/24. L\u2019Atana Hotel comprend une vaste salle de bal modulable, des salles de conf\u00e9rence, de r\u00e9ception et de r\u00e9union, ainsi qu\u2019une galerie marchande occupant tout le rez-de-chauss\u00e9e. Une salle de sport enti\u00e8rement \u00e9quip\u00e9e et une agr\u00e9able piscine ext\u00e9rieure avec une terrasse bien expos\u00e9e figurent aussi parmi les installations de loisir de l\u2019\u00e9tablissement. L\u2019Atana Hotel se trouve \u00e0 seulement 7 minutes de route des nombreux magasins et sites touristiques de Duba\u00ef, tels que le centre commercial Mall of the Emirates et la station de sports d\u2019hiver d\u2019int\u00e9rieur Ski Duba\u00ef.  &nbsp; Ce que comprend le prix EN TTC : Pack 399\u20ac\/Pers   Un h\u00e9bergement \u00e0 prix fixe quelque soit la p\u00e9riode valable 12 mois  D\u00e9part possible depuis tous les a\u00e9roports de France.  Formule petit d\u00e9jeuner.  Assistance d\u2019un service de travel-planner \u00e0 votre disposition pour r\u00e9pondre \u00e0 vos envies et vous assister quelque soit la nature de votre demande.  Les transferts a\u00e9roport \u2013 h\u00f4tel \/ h\u00f4tel \u2013 a\u00e9roport  &nbsp; Ce que ne comprend pas le prix EN TTC : &nbsp;   Les billets d\u2019avion.  Les d\u00e9penses d\u2019ordres personnels.  Les excursions contract\u00e9es sur place.\" \/>\n<meta property=\"og:url\" content=\"https:\/\/evasionbleue.com\/index.php\/product\/atana-hotel\/\" \/>\n<meta property=\"og:site_name\" content=\"evasionbleue.com\" \/>\n<meta property=\"article:modified_time\" content=\"2024-04-02T12:23:56+00:00\" \/>\n<meta property=\"og:image\" content=\"https:\/\/evasionbleue.com\/wp-content\/uploads\/2024\/04\/13.jpg\" \/>\n\t<meta property=\"og:image:width\" content=\"1280\" \/>\n\t<meta property=\"og:image:height\" content=\"852\" \/>\n\t<meta property=\"og:image:type\" content=\"image\/jpeg\" \/>\n<meta name=\"twitter:card\" content=\"summary_large_image\" \/>\n<script type=\"application\/ld+json\" class=\"yoast-schema-graph\">{\"@context\":\"https:\/\/schema.org\",\"@graph\":[{\"@type\":\"WebPage\",\"@id\":\"https:\/\/evasionbleue.com\/index.php\/product\/atana-hotel\/\",\"url\":\"https:\/\/evasionbleue.com\/index.php\/product\/atana-hotel\/\",\"name\":\"ATANA HOTEL - evasionbleue.com\",\"isPartOf\":{\"@id\":\"https:\/\/evasionbleue.com\/#website\"},\"primaryImageOfPage\":{\"@id\":\"https:\/\/evasionbleue.com\/index.php\/product\/atana-hotel\/#primaryimage\"},\"image\":{\"@id\":\"https:\/\/evasionbleue.com\/index.php\/product\/atana-hotel\/#primaryimage\"},\"thumbnailUrl\":\"https:\/\/evasionbleue.com\/wp-content\/uploads\/2024\/04\/13.jpg\",\"datePublished\":\"2024-04-02T12:14:28+00:00\",\"dateModified\":\"2024-04-02T12:23:56+00:00\",\"breadcrumb\":{\"@id\":\"https:\/\/evasionbleue.com\/index.php\/product\/atana-hotel\/#breadcrumb\"},\"inLanguage\":\"fr-FR\",\"potentialAction\":[{\"@type\":\"ReadAction\",\"target\":[\"https:\/\/evasionbleue.com\/index.php\/product\/atana-hotel\/\"]}]},{\"@type\":\"ImageObject\",\"inLanguage\":\"fr-FR\",\"@id\":\"https:\/\/evasionbleue.com\/index.php\/product\/atana-hotel\/#primaryimage\",\"url\":\"https:\/\/evasionbleue.com\/wp-content\/uploads\/2024\/04\/13.jpg\",\"contentUrl\":\"https:\/\/evasionbleue.com\/wp-content\/uploads\/2024\/04\/13.jpg\",\"width\":1280,\"height\":852},{\"@type\":\"BreadcrumbList\",\"@id\":\"https:\/\/evasionbleue.com\/index.php\/product\/atana-hotel\/#breadcrumb\",\"itemListElement\":[{\"@type\":\"ListItem\",\"position\":1,\"name\":\"Accueil\",\"item\":\"https:\/\/evasionbleue.com\/\"},{\"@type\":\"ListItem\",\"position\":2,\"name\":\"Shop\",\"item\":\"https:\/\/evasionbleue.com\/index.php\/shop\/\"},{\"@type\":\"ListItem\",\"position\":3,\"name\":\"ATANA HOTEL\"}]},{\"@type\":\"WebSite\",\"@id\":\"https:\/\/evasionbleue.com\/#website\",\"url\":\"https:\/\/evasionbleue.com\/\",\"name\":\"evasionbleue.com\",\"description\":\"evasionbleue agence de voyage\",\"potentialAction\":[{\"@type\":\"SearchAction\",\"target\":{\"@type\":\"EntryPoint\",\"urlTemplate\":\"https:\/\/evasionbleue.com\/?s={search_term_string}\"},\"query-input\":{\"@type\":\"PropertyValueSpecification\",\"valueRequired\":true,\"valueName\":\"search_term_string\"}}],\"inLanguage\":\"fr-FR\"}]}<\/script>\n<!-- \/ Yoast SEO plugin. -->","yoast_head_json":{"title":"ATANA HOTEL - evasionbleue.com","robots":{"index":"index","follow":"follow","max-snippet":"max-snippet:-1","max-image-preview":"max-image-preview:large","max-video-preview":"max-video-preview:-1"},"canonical":"https:\/\/evasionbleue.com\/index.php\/product\/atana-hotel\/","og_locale":"fr_FR","og_type":"article","og_title":"ATANA HOTEL - evasionbleue.com","og_description":"L\u2019Atana Hotel est un \u00e9tablissement 4 \u00e9toiles install\u00e9 \u00e0 Duba\u00ef, \u00e0 5 minutes en voiture du centre commercial Mall of Emirates. Il met gratuitement \u00e0 votre disposition un parking et une connexion Wi-Fi. Les chambres et les suites sont d\u00e9cor\u00e9es dans des tons chauds. Toutes les chambres sont \u00e9quip\u00e9es d'une t\u00e9l\u00e9vision \u00e0 \u00e9cran LCD. Chacune comprend un plateau\/bouilloire gratuit. L\u2019h\u00f4tel poss\u00e8de 3 restaurants de styles diff\u00e9rents servant des repas tout au long de la journ\u00e9e, ainsi que des magasins d\u2019alimentation et le salon Piano Caf\u00e9 Lounge. Un service d\u2019\u00e9tage est par ailleurs assur\u00e9 24h\/24. L\u2019Atana Hotel comprend une vaste salle de bal modulable, des salles de conf\u00e9rence, de r\u00e9ception et de r\u00e9union, ainsi qu\u2019une galerie marchande occupant tout le rez-de-chauss\u00e9e. Une salle de sport enti\u00e8rement \u00e9quip\u00e9e et une agr\u00e9able piscine ext\u00e9rieure avec une terrasse bien expos\u00e9e figurent aussi parmi les installations de loisir de l\u2019\u00e9tablissement. L\u2019Atana Hotel se trouve \u00e0 seulement 7 minutes de route des nombreux magasins et sites touristiques de Duba\u00ef, tels que le centre commercial Mall of the Emirates et la station de sports d\u2019hiver d\u2019int\u00e9rieur Ski Duba\u00ef.  &nbsp; Ce que comprend le prix EN TTC : Pack 399\u20ac\/Pers   Un h\u00e9bergement \u00e0 prix fixe quelque soit la p\u00e9riode valable 12 mois  D\u00e9part possible depuis tous les a\u00e9roports de France.  Formule petit d\u00e9jeuner.  Assistance d\u2019un service de travel-planner \u00e0 votre disposition pour r\u00e9pondre \u00e0 vos envies et vous assister quelque soit la nature de votre demande.  Les transferts a\u00e9roport \u2013 h\u00f4tel \/ h\u00f4tel \u2013 a\u00e9roport  &nbsp; Ce que ne comprend pas le prix EN TTC : &nbsp;   Les billets d\u2019avion.  Les d\u00e9penses d\u2019ordres personnels.  Les excursions contract\u00e9es sur place.","og_url":"https:\/\/evasionbleue.com\/index.php\/product\/atana-hotel\/","og_site_name":"evasionbleue.com","article_modified_time":"2024-04-02T12:23:56+00:00","og_image":[{"width":1280,"height":852,"url":"https:\/\/evasionbleue.com\/wp-content\/uploads\/2024\/04\/13.jpg","type":"image\/jpeg"}],"twitter_card":"summary_large_image","schema":{"@context":"https:\/\/schema.org","@graph":[{"@type":"WebPage","@id":"https:\/\/evasionbleue.com\/index.php\/product\/atana-hotel\/","url":"https:\/\/evasionbleue.com\/index.php\/product\/atana-hotel\/","name":"ATANA HOTEL - evasionbleue.com","isPartOf":{"@id":"https:\/\/evasionbleue.com\/#website"},"primaryImageOfPage":{"@id":"https:\/\/evasionbleue.com\/index.php\/product\/atana-hotel\/#primaryimage"},"image":{"@id":"https:\/\/evasionbleue.com\/index.php\/product\/atana-hotel\/#primaryimage"},"thumbnailUrl":"https:\/\/evasionbleue.com\/wp-content\/uploads\/2024\/04\/13.jpg","datePublished":"2024-04-02T12:14:28+00:00","dateModified":"2024-04-02T12:23:56+00:00","breadcrumb":{"@id":"https:\/\/evasionbleue.com\/index.php\/product\/atana-hotel\/#breadcrumb"},"inLanguage":"fr-FR","potentialAction":[{"@type":"ReadAction","target":["https:\/\/evasionbleue.com\/index.php\/product\/atana-hotel\/"]}]},{"@type":"ImageObject","inLanguage":"fr-FR","@id":"https:\/\/evasionbleue.com\/index.php\/product\/atana-hotel\/#primaryimage","url":"https:\/\/evasionbleue.com\/wp-content\/uploads\/2024\/04\/13.jpg","contentUrl":"https:\/\/evasionbleue.com\/wp-content\/uploads\/2024\/04\/13.jpg","width":1280,"height":852},{"@type":"BreadcrumbList","@id":"https:\/\/evasionbleue.com\/index.php\/product\/atana-hotel\/#breadcrumb","itemListElement":[{"@type":"ListItem","position":1,"name":"Accueil","item":"https:\/\/evasionbleue.com\/"},{"@type":"ListItem","position":2,"name":"Shop","item":"https:\/\/evasionbleue.com\/index.php\/shop\/"},{"@type":"ListItem","position":3,"name":"ATANA HOTEL"}]},{"@type":"WebSite","@id":"https:\/\/evasionbleue.com\/#website","url":"https:\/\/evasionbleue.com\/","name":"evasionbleue.com","description":"evasionbleue agence de voyage","potentialAction":[{"@type":"SearchAction","target":{"@type":"EntryPoint","urlTemplate":"https:\/\/evasionbleue.com\/?s={search_term_string}"},"query-input":{"@type":"PropertyValueSpecification","valueRequired":true,"valueName":"search_term_string"}}],"inLanguage":"fr-FR"}]}},"_links":{"self":[{"href":"https:\/\/evasionbleue.com\/index.php\/wp-json\/wp\/v2\/product\/9761","targetHints":{"allow":["GET"]}}],"collection":[{"href":"https:\/\/evasionbleue.com\/index.php\/wp-json\/wp\/v2\/product"}],"about":[{"href":"https:\/\/evasionbleue.com\/index.php\/wp-json\/wp\/v2\/types\/product"}],"replies":[{"embeddable":true,"href":"https:\/\/evasionbleue.com\/index.php\/wp-json\/wp\/v2\/comments?post=9761"}],"version-history":[{"count":1,"href":"https:\/\/evasionbleue.com\/index.php\/wp-json\/wp\/v2\/product\/9761\/revisions"}],"predecessor-version":[{"id":9764,"href":"https:\/\/evasionbleue.com\/index.php\/wp-json\/wp\/v2\/product\/9761\/revisions\/9764"}],"wp:featuredmedia":[{"embeddable":true,"href":"https:\/\/evasionbleue.com\/index.php\/wp-json\/wp\/v2\/media\/9742"}],"wp:attachment":[{"href":"https:\/\/evasionbleue.com\/index.php\/wp-json\/wp\/v2\/media?parent=9761"}],"wp:term":[{"taxonomy":"product_brand","embeddable":true,"href":"https:\/\/evasionbleue.com\/index.php\/wp-json\/wp\/v2\/product_brand?post=9761"},{"taxonomy":"product_cat","embeddable":true,"href":"https:\/\/evasionbleue.com\/index.php\/wp-json\/wp\/v2\/product_cat?post=9761"},{"taxonomy":"product_tag","embeddable":true,"href":"https:\/\/evasionbleue.com\/index.php\/wp-json\/wp\/v2\/product_tag?post=9761"}],"curies":[{"name":"wp","href":"https:\/\/api.w.org\/{rel}","templated":true}]}}